{"id":642,"date":"2019-07-05T04:56:16","date_gmt":"2019-07-05T04:56:16","guid":{"rendered":"https:\/\/kofe.hu\/parola\/?page_id=642"},"modified":"2021-04-11T11:52:05","modified_gmt":"2021-04-11T11:52:05","slug":"altalanos-szerzodesi-feltetelek","status":"publish","type":"page","link":"https:\/\/kofe.hu\/parola\/altalanos-szerzodesi-feltetelek\/","title":{"rendered":"\u00c1ltal\u00e1nos szerz\u0151d\u00e9si felt\u00e9telek"},"content":{"rendered":"<p>[vc_row][vc_column][vc_column_text]<b>[\/vc_column_text][\/vc_column][\/vc_row][vc_row css=&#8221;.vc_custom_1562302656666{margin-top: 40px !important;padding-top: 40px !important;padding-bottom: 40px !important;background-color: #ffffff !important;}&#8221;][vc_column][vc_column_text]<\/b><\/p>\n<h1><strong>\u00c1ltal\u00e1nos Szerz\u0151d\u00e9si Felt\u00e9telek<\/strong><\/h1>\n<h1>kofe.hu\/parola szolg\u00e1ltat\u00e1sok<\/h1>\n<p>2021 \u00e1prilis 11.<\/p>\n<p>Jelen \u00c1ltal\u00e1nos Felhaszn\u00e1l\u00e1si Felt\u00e9telek (\u00c1SZF) hat\u00e1rozz\u00e1k meg a K\u00f6z\u00f6ss\u00e9gfejleszt\u0151k Egyes\u00fclete (a tov\u00e1bbiakban: <strong>Szolg\u00e1ltat\u00f3 <\/strong>vagy <strong>K\u00d6FE<\/strong>) \u00fczemeltet\u00e9s\u00e9ben m\u0171k\u00f6d\u0151 kofe.hu\/parola honlap (a tov\u00e1bbiakban: <strong>honlap<\/strong>) felhaszn\u00e1l\u00e1s\u00e1nak felt\u00e9teleit. A honlap, illetve egyes tartalmi elemeinek megnyit\u00e1sa, s b\u00e1rmely szolg\u00e1ltat\u00e1s ig\u00e9nybev\u00e9tele az kofe.hu\/parola honlap haszn\u00e1lat\u00e1ra \u00e9s szolg\u00e1ltat\u00e1saira vonatkoz\u00f3 szerz\u0151d\u00e9si felt\u00e9telek \u00e9s adatkezel\u00e9si elvek elolvas\u00e1s\u00e1t \u00e9s elfogad\u00e1s\u00e1t jelenti.<\/p>\n<h1>1. \u00dczemeltet\u0151i adatok<\/h1>\n<p>N\u00e9v: K\u00f6z\u00f6ss\u00e9gfejleszt\u0151k Egyes\u00fclete (K\u00d6FE)<br \/>\nSz\u00e9khely: 1074 Budapest, Sz\u00f6vets\u00e9g u. 35.<br \/>\nAd\u00f3sz\u00e1m: 19009533-1-42<br \/>\nNyilv\u00e1ntart\u00e1si sz\u00e1m: 01-02-0000356<br \/>\nSzerz\u0151d\u00e9s nyelve: magyar<br \/>\n\u00dcgyf\u00e9lszolg\u00e1lat: egyesulet@kofe.hu<br \/>\nTelefon: +36-1-201-5728<\/p>\n<p>A szolg\u00e1ltat\u00e1si szoftver a K\u00d6FE tulajdona.<\/p>\n<p>Az online bankk\u00e1rty\u00e1s fizet\u00e9sek a Barion rendszer\u00e9n kereszt\u00fcl val\u00f3sulnak meg. A bankk\u00e1rtya adatok a szolg\u00e1ltat\u00f3hoz nem jutnak el. A fizet\u00e9si szolg\u00e1ltat\u00e1st ny\u00fajt\u00f3 \u2013 \u00edgy a sz\u00e1mlakivonaton is felt\u00fcntet\u00e9sre ker\u00fcl\u0151 &#8211; Barion Payment Zrt. a Magyar Nemzeti Bank fel\u00fcgyelete alatt \u00e1ll\u00f3 int\u00e9zm\u00e9ny, enged\u00e9ly\u00e9nek sz\u00e1ma: H-EN-I-1064\/2013.<\/p>\n<h1>2. Fogalom meghat\u00e1roz\u00e1sok<\/h1>\n<p><strong>Felhaszn\u00e1l\u00e1s<\/strong>: Jelen \u00c1SZF, a Parola foly\u00f3iratban k\u00f6z\u00f6lt \u00edr\u00e1sokra is \u00e9rv\u00e9nyes mindenkori szerz\u0151i jogok \u00e9s a Szolg\u00e1ltat\u00f3 \u00e1ltal j\u00f3v\u00e1hagyott let\u00f6lt\u00e9si szab\u00e1lyok elfogad\u00e1s\u00e1val felhaszn\u00e1lt (let\u00f6lt\u00f6tt, elolvasott, megosztott) szellemi term\u00e9k.<\/p>\n<p><strong>Felhaszn\u00e1l\u00f3<\/strong>: Az a mag\u00e1nszem\u00e9ly vagy szervezet, amely a mindenkori szerz\u0151i jogokat \u00e9s a Szolg\u00e1ltat\u00f3 \u00e1ltal j\u00f3v\u00e1hagyott let\u00f6lt\u00e9si szab\u00e1lyzatot figyelembe v\u00e9ve haszn\u00e1lja (let\u00f6lti, elolvassa, megosztja) a foly\u00f3iratot, mint szellemi term\u00e9ket.<\/p>\n<p><strong>Honlap:<\/strong> A Szolg\u00e1ltat\u00f3 \u00e1ltal \u00fczemeltetett kofe.hu\/parola internetes oldal<\/p>\n<p><strong>Parola<\/strong>: a Szolg\u00e1ltat\u00f3 (jelen esetben felel\u0151s kiad\u00f3 is egyben) gondoz\u00e1s\u00e1ban negyed\u00e9venk\u00e9nt megjelen\u0151 szakmai foly\u00f3irat.<\/p>\n<p><strong>Szolg\u00e1ltat\u00f3: <\/strong>K\u00f6z\u00f6ss\u00e9gfejleszt\u0151k Egyes\u00fclete (K\u00d6FE), <a href=\"http:\/\/www.kofe.hu\"><strong>www.kofe.hu<\/strong><\/a><\/p>\n<p><strong>T\u00e1mogat\u00e1s: <\/strong>Jelen \u00c1SZF elfogad\u00e1s\u00e1val ny\u00fajtott adom\u00e1ny.<\/p>\n<p><strong>T\u00e1mogat\u00f3: <\/strong>A Parola foly\u00f3iratnak a honlapon kereszt\u00fcl adom\u00e1nyoz\u00f3 mag\u00e1nszem\u00e9ly vagy szervezet, amely elfogadja a jelen \u00c1SZF-ben foglalt felt\u00e9teleket.<\/p>\n<p>&nbsp;<\/p>\n<h1>3. Alapvet\u0151 felt\u00e9telek \u00e9s \u00c1SZF hat\u00e1lya<\/h1>\n<p>Az \u00c1SZF tartalmazza a Szolg\u00e1ltat\u00f3 \u00e9s a honlapot haszn\u00e1l\u00f3 szem\u00e9lyek, szervezetek k\u00f6z\u00f6tti szolg\u00e1ltat\u00e1si viszonyban a felek jogait \u00e9s k\u00f6telezetts\u00e9geit.<\/p>\n<p>A Felhaszn\u00e1l\u00f3k jelen \u00c1SZF rendelkez\u00e9seit a honlap szolg\u00e1ltat\u00e1sainak ig\u00e9nybev\u00e9tele ideje alatt k\u00f6telesek teljes\u00edteni.<\/p>\n<p>A Szolg\u00e1ltat\u00f3 fenntartja a jogot, hogy a szolg\u00e1ltat\u00e1sok ig\u00e9nybev\u00e9tel\u00e9t ne enged\u00e9lyezze.<\/p>\n<p>A Szolg\u00e1ltat\u00f3 \u00e9rdekk\u00f6r\u00e9n k\u00edv\u00fcl es\u0151 technikai probl\u00e9m\u00e1k\u00e9rt (k\u00fcl\u00f6n\u00f6sen, de nem kiz\u00e1r\u00f3lag e-mail c\u00edm t\u00f6rl\u00e9se, el\u00e9rhetetlens\u00e9ge, kapcsolati hiba, a szerver sz\u00e1m\u00edt\u00f3g\u00e9pek teljes\u00edtm\u00e9nye, a h\u00e1l\u00f3zati leterhelts\u00e9g, a h\u00e1l\u00f3zati torl\u00f3d\u00e1s, a lefedetts\u00e9g, valamint a biztons\u00e1gos h\u00e1l\u00f3zati kapcsolat fenntart\u00e1sa) a Szolg\u00e1ltat\u00f3t felel\u0151ss\u00e9g nem terheli, \u00e9s kiz\u00e1r mindennem\u0171 k\u00e1rt\u00e9r\u00edt\u00e9si ig\u00e9nyt. A Szolg\u00e1ltat\u00f3 kiz\u00e1rja a felel\u0151ss\u00e9g\u00e9t a honlap rajta k\u00edv\u00fcl\u00e1ll\u00f3 okokb\u00f3l t\u00f6rt\u00e9n\u0151 meghib\u00e1sod\u00e1s\u00e1\u00e9rt, amely id\u0151tartam alatt az nem vagy korl\u00e1tozottan haszn\u00e1lhat\u00f3, ugyanakkor halad\u00e9ktalanul megtesz minden sz\u00fcks\u00e9ges int\u00e9zked\u00e9st annak \u00e9rdek\u00e9ben, hogy a hiba ok\u00e1t miel\u0151bb felt\u00e1rja, illetve megsz\u00fcntesse.<\/p>\n<p>&nbsp;<\/p>\n<h1>4. Szolg\u00e1ltat\u00e1sok \u00e9s ig\u00e9nybev\u00e9tel\u00fck<\/h1>\n<h2>4.1 Felhaszn\u00e1l\u00e1s<\/h2>\n<ol>\n<li style=\"list-style-type: none;\">\n<ul>\n<li>A Parola foly\u00f3irat lapsz\u00e1ma \u00e9s cikkei egyar\u00e1nt el\u00e9rhet\u0151ek a felhaszn\u00e1l\u00f3k sz\u00e1m\u00e1ra.<\/li>\n<li>A felhaszn\u00e1l\u00e1s alapvet\u0151 form\u00e1i: let\u00f6lt\u00e9s; olvas\u00e1s, megoszt\u00e1s.<\/li>\n<li>A felhaszn\u00e1l\u00e1s sor\u00e1n a mindenkori szerz\u0151i jogokat \u00e9s a Szolg\u00e1ltat\u00f3 \u00e1ltal j\u00f3v\u00e1hagyott let\u00f6lt\u00e9si szab\u00e1lyzatot vegy\u00e9k figyelembe.<\/li>\n<\/ul>\n<\/li>\n<\/ol>\n<h2>4.2 T\u00e1mogat\u00e1s<\/h2>\n<ul>\n<li style=\"list-style-type: none;\">\n<ul>\n<li>A Parola foly\u00f3iratnak juttatott adom\u00e1nyt a t\u00e1mogat\u00f3 a honlapon kereszt\u00fcl (\u201cT\u00e1mogass\u201d) tudja eljuttatni a Szolg\u00e1ltat\u00f3 r\u00e9sz\u00e9re.<\/li>\n<li>T\u00e1mogat\u00e1sra jelenleg havi vagy negyed\u00e9venk\u00e9nti fix \u00f6sszeggel (mint egy el\u0151fizet\u0151) \u00e9s alkalmi form\u00e1ban is van lehet\u0151s\u00e9g az erre kialak\u00edtott fel\u00fcleten t\u00f6rt\u00e9n\u0151 adom\u00e1nyoz\u00e1s r\u00e9v\u00e9n.<\/li>\n<li>A t\u00e1mogat\u00e1s rendszeress\u00e9g\u00e9nek \u00e9s erre sz\u00e1nt \u00f6sszeg\u00e9nek kiv\u00e1laszt\u00e1sa ut\u00e1n n\u00e9h\u00e1ny kattint\u00e1ssal megt\u00f6rt\u00e9nik az adom\u00e1nyoz\u00e1s.<\/li>\n<\/ul>\n<\/li>\n<\/ul>\n<p>&nbsp;<\/p>\n<h2>4.3 Rendszeres t\u00e1mogat\u00e1s (el\u0151fizet\u00e9s)<\/h2>\n<ul>\n<li style=\"list-style-type: none;\">\n<ul>\n<li style=\"list-style-type: none;\">\n<ul>\n<li>A t\u00e1mogat\u00e1s elind\u00edt\u00e1s\u00e1ra a https:\/\/kofe.hu\/parola\/tamogass\/ oldalon van lehet\u0151s\u00e9g<\/li>\n<li>Itt ki kell v\u00e1lasztani a rendszeresen adom\u00e1nyozni k\u00edv\u00e1nt \u00f6sszeget, majd az adom\u00e1nyoz\u00e1s gyakoris\u00e1g\u00e1t.<\/li>\n<li>Az online bankk\u00e1rty\u00e1s fizet\u00e9sek a Barion rendszer\u00e9n kereszt\u00fcl val\u00f3sulnak meg.<\/li>\n<li>A bankk\u00e1rtya adatok a szolg\u00e1ltat\u00f3hoz nem jutnak el.<\/li>\n<li>A fizet\u00e9si szolg\u00e1ltat\u00e1st ny\u00fajt\u00f3 \u2013 \u00edgy a sz\u00e1mlakivonaton is felt\u00fcntet\u00e9sre ker\u00fcl\u0151 &#8211; Barion Payment Zrt. a Magyar Nemzeti Bank fel\u00fcgyelete alatt \u00e1ll\u00f3 int\u00e9zm\u00e9ny, enged\u00e9ly\u00e9nek sz\u00e1ma: H-EN-I-1064\/2013.<\/li>\n<li>Az rendszeres adom\u00e1nyoz\u00e1s elind\u00edt\u00e1s\u00e1nak sikeress\u00e9g\u00e9r\u0151l emailt k\u00fcld\u00fcnk az itt megadott email c\u00edmre.<\/li>\n<li>Minden alkalommal az adom\u00e1nyoz\u00e1s esed\u00e9kess\u00e9ge el\u0151tt 3 nappal emailt k\u00fcld\u00fcnk, amiben \u00e9rtes\u00edtj\u00fck az el\u0151fizet\u0151t a\u00a0 k\u00f6zelg\u0151 automatikus adom\u00e1nyoz\u00e1sr\u00f3l.<\/li>\n<li>Ezek az emailek tartalmazz\u00e1k a rendszeres adom\u00e1nyoz\u00e1sr\u00f3l val\u00f3 leiratkoz\u00e1s menet\u00e9t.<\/li>\n<li>A leiratkoz\u00e1s egy kattint\u00e1ssal megtehet\u0151, az emailben k\u00fcld\u00f6tt egyedi link seg\u00edts\u00e9g\u00e9vel.<\/li>\n<li>Amennyiben seg\u00edts\u00e9get k\u00e9r t\u0151l\u00fcnk, k\u00e9rj\u00fck \u00edrjon az <a href=\"mailto:egyesulet@kofe.hu\">egyesulet@kofe.hu<\/a>\u00a0email c\u00edmre.<\/li>\n<\/ul>\n<\/li>\n<\/ul>\n<\/li>\n<\/ul>\n<p>&nbsp;<\/p>\n<p>Ha egy\u00e9b m\u00f3don szeretn\u00e9 t\u00e1mogatni a Parol\u00e1t, k\u00e9rj\u00fck vegye fel vel\u00fcnk a kapcsolatot az <a href=\"mailto:egyesulet@kofe.hu\">egyesulet@kofe.hu<\/a> c\u00edmen.[\/vc_column_text]<a href=\"https:\/\/kofe.hu\/parola\/wp-content\/uploads\/Dokumentumok\/Parola \u00c1ltal\u00e1nos Szerz\u0151d\u00e9si Felt\u00e9telek - 2021-04-11.pdf\" target=\"_blank\" class=\"btn btn-shortcode btn-full\" ><span>\u00c1SZF let\u00f6lt\u00e9se<\/span><\/a>[\/vc_column][\/vc_row]<\/p>\n","protected":false},"excerpt":{"rendered":"<p>[vc_row][vc_column][vc_column_text][\/vc_column_text][\/vc_column][\/vc_row][vc_row css=&#8221;.vc_custom_1562302656666{margin-top: 40px !important;padding-top: 40px !important;padding-bottom: 40px !important;background-color: #ffffff !important;}&#8221;][vc_column][vc_column_text] \u00c1ltal\u00e1nos Szerz\u0151d\u00e9si Felt\u00e9telek kofe.hu\/parola szolg\u00e1ltat\u00e1sok 2021 \u00e1prilis 11. Jelen \u00c1ltal\u00e1nos Felhaszn\u00e1l\u00e1si Felt\u00e9telek (\u00c1SZF) hat\u00e1rozz\u00e1k meg a K\u00f6z\u00f6ss\u00e9gfejleszt\u0151k Egyes\u00fclete (a tov\u00e1bbiakban: Szolg\u00e1ltat\u00f3 vagy K\u00d6FE) \u00fczemeltet\u00e9s\u00e9ben m\u0171k\u00f6d\u0151 kofe.hu\/parola honlap (a tov\u00e1bbiakban: honlap) felhaszn\u00e1l\u00e1s\u00e1nak felt\u00e9teleit. A honlap, illetve egyes tartalmi elemeinek megnyit\u00e1sa, s b\u00e1rmely szolg\u00e1ltat\u00e1s ig\u00e9nybev\u00e9tele az kofe.hu\/parola [&hellip;]<\/p>\n","protected":false},"author":1,"featured_media":0,"parent":0,"menu_order":0,"comment_status":"closed","ping_status":"closed","template":"","meta":{"_acf_changed":false,"footnotes":""},"coauthors":[17],"class_list":["post-642","page","type-page","status-publish","hentry"],"acf":[],"yoast_head":"<!-- This site is optimized with the Yoast SEO plugin v26.7 - https:\/\/yoast.com\/wordpress\/plugins\/seo\/ -->\n<title>\u00c1ltal\u00e1nos szerz\u0151d\u00e9si felt\u00e9telek - Parola Foly\u00f3irat<\/title>\n<meta name=\"robots\" content=\"index, follow, max-snippet:-1, max-image-preview:large, max-video-preview:-1\" \/>\n<link rel=\"canonical\" href=\"https:\/\/kofe.hu\/parola\/altalanos-szerzodesi-feltetelek\/\" \/>\n<meta property=\"og:locale\" content=\"hu_HU\" \/>\n<meta property=\"og:type\" content=\"article\" \/>\n<meta property=\"og:title\" content=\"\u00c1ltal\u00e1nos szerz\u0151d\u00e9si felt\u00e9telek - Parola Foly\u00f3irat\" \/>\n<meta property=\"og:description\" content=\"[vc_row][vc_column][vc_column_text][\/vc_column_text][\/vc_column][\/vc_row][vc_row css=&#8221;.vc_custom_1562302656666{margin-top: 40px !important;padding-top: 40px !important;padding-bottom: 40px !important;background-color: #ffffff !important;}&#8221;][vc_column][vc_column_text] \u00c1ltal\u00e1nos Szerz\u0151d\u00e9si Felt\u00e9telek kofe.hu\/parola szolg\u00e1ltat\u00e1sok 2021 \u00e1prilis 11. Jelen \u00c1ltal\u00e1nos Felhaszn\u00e1l\u00e1si Felt\u00e9telek (\u00c1SZF) hat\u00e1rozz\u00e1k meg a K\u00f6z\u00f6ss\u00e9gfejleszt\u0151k Egyes\u00fclete (a tov\u00e1bbiakban: Szolg\u00e1ltat\u00f3 vagy K\u00d6FE) \u00fczemeltet\u00e9s\u00e9ben m\u0171k\u00f6d\u0151 kofe.hu\/parola honlap (a tov\u00e1bbiakban: honlap) felhaszn\u00e1l\u00e1s\u00e1nak felt\u00e9teleit. A honlap, illetve egyes tartalmi elemeinek megnyit\u00e1sa, s b\u00e1rmely szolg\u00e1ltat\u00e1s ig\u00e9nybev\u00e9tele az kofe.hu\/parola [&hellip;]\" \/>\n<meta property=\"og:url\" content=\"https:\/\/kofe.hu\/parola\/altalanos-szerzodesi-feltetelek\/\" \/>\n<meta property=\"og:site_name\" content=\"Parola Foly\u00f3irat\" \/>\n<meta property=\"article:modified_time\" content=\"2021-04-11T11:52:05+00:00\" \/>\n<meta name=\"twitter:card\" content=\"summary_large_image\" \/>\n<meta name=\"twitter:label1\" content=\"Becs\u00fclt olvas\u00e1si id\u0151\" \/>\n\t<meta name=\"twitter:data1\" content=\"6 perc\" \/>\n<script type=\"application\/ld+json\" class=\"yoast-schema-graph\">{\"@context\":\"https:\/\/schema.org\",\"@graph\":[{\"@type\":\"WebPage\",\"@id\":\"https:\/\/kofe.hu\/parola\/altalanos-szerzodesi-feltetelek\/\",\"url\":\"https:\/\/kofe.hu\/parola\/altalanos-szerzodesi-feltetelek\/\",\"name\":\"\u00c1ltal\u00e1nos szerz\u0151d\u00e9si felt\u00e9telek - Parola Foly\u00f3irat\",\"isPartOf\":{\"@id\":\"https:\/\/kofe.hu\/parola\/#website\"},\"datePublished\":\"2019-07-05T04:56:16+00:00\",\"dateModified\":\"2021-04-11T11:52:05+00:00\",\"breadcrumb\":{\"@id\":\"https:\/\/kofe.hu\/parola\/altalanos-szerzodesi-feltetelek\/#breadcrumb\"},\"inLanguage\":\"hu\",\"potentialAction\":[{\"@type\":\"ReadAction\",\"target\":[\"https:\/\/kofe.hu\/parola\/altalanos-szerzodesi-feltetelek\/\"]}]},{\"@type\":\"BreadcrumbList\",\"@id\":\"https:\/\/kofe.hu\/parola\/altalanos-szerzodesi-feltetelek\/#breadcrumb\",\"itemListElement\":[{\"@type\":\"ListItem\",\"position\":1,\"name\":\"Home\",\"item\":\"https:\/\/kofe.hu\/parola\/\"},{\"@type\":\"ListItem\",\"position\":2,\"name\":\"\u00c1ltal\u00e1nos szerz\u0151d\u00e9si felt\u00e9telek\"}]},{\"@type\":\"WebSite\",\"@id\":\"https:\/\/kofe.hu\/parola\/#website\",\"url\":\"https:\/\/kofe.hu\/parola\/\",\"name\":\"Parola Foly\u00f3irat\",\"description\":\"\",\"potentialAction\":[{\"@type\":\"SearchAction\",\"target\":{\"@type\":\"EntryPoint\",\"urlTemplate\":\"https:\/\/kofe.hu\/parola\/?s={search_term_string}\"},\"query-input\":{\"@type\":\"PropertyValueSpecification\",\"valueRequired\":true,\"valueName\":\"search_term_string\"}}],\"inLanguage\":\"hu\"}]}<\/script>\n<!-- \/ Yoast SEO plugin. -->","yoast_head_json":{"title":"\u00c1ltal\u00e1nos szerz\u0151d\u00e9si felt\u00e9telek - Parola Foly\u00f3irat","robots":{"index":"index","follow":"follow","max-snippet":"max-snippet:-1","max-image-preview":"max-image-preview:large","max-video-preview":"max-video-preview:-1"},"canonical":"https:\/\/kofe.hu\/parola\/altalanos-szerzodesi-feltetelek\/","og_locale":"hu_HU","og_type":"article","og_title":"\u00c1ltal\u00e1nos szerz\u0151d\u00e9si felt\u00e9telek - Parola Foly\u00f3irat","og_description":"[vc_row][vc_column][vc_column_text][\/vc_column_text][\/vc_column][\/vc_row][vc_row css=&#8221;.vc_custom_1562302656666{margin-top: 40px !important;padding-top: 40px !important;padding-bottom: 40px !important;background-color: #ffffff !important;}&#8221;][vc_column][vc_column_text] \u00c1ltal\u00e1nos Szerz\u0151d\u00e9si Felt\u00e9telek kofe.hu\/parola szolg\u00e1ltat\u00e1sok 2021 \u00e1prilis 11. Jelen \u00c1ltal\u00e1nos Felhaszn\u00e1l\u00e1si Felt\u00e9telek (\u00c1SZF) hat\u00e1rozz\u00e1k meg a K\u00f6z\u00f6ss\u00e9gfejleszt\u0151k Egyes\u00fclete (a tov\u00e1bbiakban: Szolg\u00e1ltat\u00f3 vagy K\u00d6FE) \u00fczemeltet\u00e9s\u00e9ben m\u0171k\u00f6d\u0151 kofe.hu\/parola honlap (a tov\u00e1bbiakban: honlap) felhaszn\u00e1l\u00e1s\u00e1nak felt\u00e9teleit. A honlap, illetve egyes tartalmi elemeinek megnyit\u00e1sa, s b\u00e1rmely szolg\u00e1ltat\u00e1s ig\u00e9nybev\u00e9tele az kofe.hu\/parola [&hellip;]","og_url":"https:\/\/kofe.hu\/parola\/altalanos-szerzodesi-feltetelek\/","og_site_name":"Parola Foly\u00f3irat","article_modified_time":"2021-04-11T11:52:05+00:00","twitter_card":"summary_large_image","twitter_misc":{"Becs\u00fclt olvas\u00e1si id\u0151":"6 perc"},"schema":{"@context":"https:\/\/schema.org","@graph":[{"@type":"WebPage","@id":"https:\/\/kofe.hu\/parola\/altalanos-szerzodesi-feltetelek\/","url":"https:\/\/kofe.hu\/parola\/altalanos-szerzodesi-feltetelek\/","name":"\u00c1ltal\u00e1nos szerz\u0151d\u00e9si felt\u00e9telek - Parola Foly\u00f3irat","isPartOf":{"@id":"https:\/\/kofe.hu\/parola\/#website"},"datePublished":"2019-07-05T04:56:16+00:00","dateModified":"2021-04-11T11:52:05+00:00","breadcrumb":{"@id":"https:\/\/kofe.hu\/parola\/altalanos-szerzodesi-feltetelek\/#breadcrumb"},"inLanguage":"hu","potentialAction":[{"@type":"ReadAction","target":["https:\/\/kofe.hu\/parola\/altalanos-szerzodesi-feltetelek\/"]}]},{"@type":"BreadcrumbList","@id":"https:\/\/kofe.hu\/parola\/altalanos-szerzodesi-feltetelek\/#breadcrumb","itemListElement":[{"@type":"ListItem","position":1,"name":"Home","item":"https:\/\/kofe.hu\/parola\/"},{"@type":"ListItem","position":2,"name":"\u00c1ltal\u00e1nos szerz\u0151d\u00e9si felt\u00e9telek"}]},{"@type":"WebSite","@id":"https:\/\/kofe.hu\/parola\/#website","url":"https:\/\/kofe.hu\/parola\/","name":"Parola Foly\u00f3irat","description":"","potentialAction":[{"@type":"SearchAction","target":{"@type":"EntryPoint","urlTemplate":"https:\/\/kofe.hu\/parola\/?s={search_term_string}"},"query-input":{"@type":"PropertyValueSpecification","valueRequired":true,"valueName":"search_term_string"}}],"inLanguage":"hu"}]}},"_links":{"self":[{"href":"https:\/\/kofe.hu\/parola\/wp-json\/wp\/v2\/pages\/642","targetHints":{"allow":["GET"]}}],"collection":[{"href":"https:\/\/kofe.hu\/parola\/wp-json\/wp\/v2\/pages"}],"about":[{"href":"https:\/\/kofe.hu\/parola\/wp-json\/wp\/v2\/types\/page"}],"author":[{"embeddable":true,"href":"https:\/\/kofe.hu\/parola\/wp-json\/wp\/v2\/users\/1"}],"replies":[{"embeddable":true,"href":"https:\/\/kofe.hu\/parola\/wp-json\/wp\/v2\/comments?post=642"}],"version-history":[{"count":21,"href":"https:\/\/kofe.hu\/parola\/wp-json\/wp\/v2\/pages\/642\/revisions"}],"predecessor-version":[{"id":6043,"href":"https:\/\/kofe.hu\/parola\/wp-json\/wp\/v2\/pages\/642\/revisions\/6043"}],"wp:attachment":[{"href":"https:\/\/kofe.hu\/parola\/wp-json\/wp\/v2\/media?parent=642"}],"wp:term":[{"taxonomy":"author","embeddable":true,"href":"https:\/\/kofe.hu\/parola\/wp-json\/wp\/v2\/coauthors?post=642"}],"curies":[{"name":"wp","href":"https:\/\/api.w.org\/{rel}","templated":true}]}}