{"id":64,"date":"2019-03-27T06:30:26","date_gmt":"2019-03-27T06:30:26","guid":{"rendered":"http:\/\/kofe.hu\/parola\/?page_id=64"},"modified":"2023-07-23T14:03:48","modified_gmt":"2023-07-23T14:03:48","slug":"tortenetunk","status":"publish","type":"page","link":"https:\/\/kofe.hu\/parola\/tortenetunk\/","title":{"rendered":"T\u00f6rt\u00e9net\u00fcnk"},"content":{"rendered":"<p>[vc_row full_width=&#8221;stretch_row&#8221; css=&#8221;.vc_custom_1553668395477{background-color: #ffffff !important;}&#8221;][vc_column][vc_column_text]<\/p>\n<h2>A Parola m\u00faltja<\/h2>\n<p>[\/vc_column_text][vc_text_separator title=&#8221;&#8221; align=&#8221;align_left&#8221; color=&#8221;peacoc&#8221; border_width=&#8221;3&#8243; el_width=&#8221;30&#8243; css_animation=&#8221;bounceInLeft&#8221;][vc_column_text]A PAROL\u00c1T 1990-ben jegyezt\u00e9k be, a k\u00f6z\u00f6ss\u00e9gfejleszt\u00e9s, k\u00f6z\u00f6ss\u00e9gi munka orsz\u00e1gos terjeszt\u00e9s\u0171 szakmai org\u00e1numak\u00e9nt. A lap k\u00f6z\u00f6ss\u00e9geknek, telep\u00fcl\u00e9seknek, azok int\u00e9zm\u00e9nyeinek \u00e9s seg\u00edt\u0151 szakembereinek sz\u00f3l.<\/p>\n<p>A PAROLA legf\u0151bb t\u00e9m\u00e1i a k\u00f6z\u00f6ss\u00e9g \u00e9s a r\u00e9szv\u00e9tel elm\u00e9leti \u00e9s gyakorlati k\u00e9rd\u00e9sk\u00f6rei, a civil t\u00e1rsadalom, a bevon\u00e1s-bevon\u00f3d\u00e1s, a helyi cselekv\u00e9s \u00e9s a cselekv\u0151 \u00e1llampolg\u00e1ris\u00e1g kialakul\u00e1s\u00e1nak \u00e9s meger\u0151s\u00f6d\u00e9s\u00e9nek szakmai el\u0151seg\u00edt\u00e9se. Mindezt elm\u00e9leti \u00e9s a helyi fejleszt\u00e9sek sor\u00e1n megval\u00f3sul\u00f3, elemzett gyakorlati tapasztalatok nyilv\u00e1noss\u00e1gra hozatal\u00e1val \u00e9ri el, s k\u00f6zreadja a kiemelked\u0151 szakmai jelent\u0151s\u00e9g\u0171 hazai \u00e9s eur\u00f3pai esem\u00e9nyeken \u2013 konferenci\u00e1kon, ny\u00e1ri egyetemeken, h\u00e1l\u00f3zati tal\u00e1lkoz\u00f3kon, szemin\u00e1riumokon, m\u0171helymunk\u00e1kon \u2013 megsz\u00fcletett el\u0151ad\u00e1sok \u00e9s munkaanyagok r\u00f6vid\u00edtett \u00e9s szerkesztett v\u00e1ltozatait is. T\u00f6bb \u00e9ve folytatott gyakorlata szerint, gyakran els\u0151 ford\u00edt\u00e1sban jelentet meg fontos k\u00fclf\u00f6ldi tanulm\u00e1nyokat, s bemutatja a frissen megjelen\u0151 hazai \u00e9s nemzetk\u00f6zi szakirodalmat.<\/p>\n<p>A PAROLA egyre n\u00e9lk\u00fcl\u00f6zhetetlenebb szolg\u00e1latot tesz a t\u00e1rsadalomfejleszt\u00e9si \u00e9s vid\u00e9kfejleszt\u00e9si programokban, melyek \u00e9p\u00edtenek a helyi k\u00f6z\u00f6ss\u00e9gek t\u00e1rsadalmi-, kultur\u00e1lis- \u00e9s civil r\u00e9szv\u00e9tel\u00e9re, a lakoss\u00e1g \u00e9s a helyi csoportok bevon\u00e1s\u00e1ra a k\u00f6z\u00f6s d\u00f6nt\u00e9sekbe, a kirekesztettek \u00fajra integr\u00e1l\u00e1sa a t\u00e1rsadalom int\u00e9zm\u00e9nyes \u00e9s k\u00f6z\u00f6ss\u00e9gi folyamataiba.<\/p>\n<p>A PAROLA az ut\u00f3bbi \u00e9vekben egyre sz\u00e9lesebb k\u00f6rben terjed\u0151 hazai k\u00f6z\u00f6ss\u00e9gfejleszt\u0151i, k\u00f6z\u00f6ss\u00e9gi \u00e9s civil k\u00e9pz\u00e9sek, k\u00f6z\u00f6ss\u00e9gi m\u0171vel\u0151d\u00e9si \u00e9s kultur\u00e1lis tanulm\u00e1nyok egyik szakirodalmi b\u00e1zis\u00e1t jelent\u0151 h\u00e1tt\u00e9r is. F\u0151iskolai, egyetemi kurzusok \u00e9s feln\u0151ttk\u00e9pz\u00e9sek hallgat\u00f3i is ebb\u0151l a foly\u00f3iratb\u00f3l f\u00e9rnek hozz\u00e1 fontos szakmai inform\u00e1ci\u00f3khoz, s a lap mind gyakoribb h\u00e1ttere k\u00fcl\u00f6nf\u00e9le szakdolgozatoknak is. Ez\u00e9rt is fontos, hogy nagyobb k\u00f6nyvt\u00e1rakban, egyetemi \u2013 f\u0151iskolai tansz\u00e9keken egyre t\u00f6bb helyen v\u00e1lik hozz\u00e1f\u00e9rhet\u0151v\u00e9.<\/p>\n<p>Jelent\u0151s \u00f6ner\u0151 mozg\u00f3s\u00edt\u00e1s\u00e1val \u00e9s a k\u00f6zrem\u0171k\u00f6d\u0151k \u00f6nk\u00e9ntes hozz\u00e1j\u00e1rul\u00e1s\u00e1val k\u00e9sz\u00fcl a lap, melynek megjelent\u00e9s\u00e9t a Nemzeti Kultur\u00e1lis Alap t\u00e1mogatja.<\/p>\n<p>Foly\u00f3iratunk eddig hagyom\u00e1nyos form\u00e1ban jelent meg, de print-v\u00e1ltozat\u00e1t a https:\/\/kofe.hu\/parola\u00a0honlapon eddig is b\u00e1rki ingyenesen let\u00f6lthette, a megjelen\u00e9s els\u0151 \u00e9v\u00e9t\u0151l, 1990-t\u0151l kezdve minden \u00e9v minden lapsz\u00e1m\u00e1t. Ez az oldal egyben az online archiv\u00e1l\u00e1s k\u00f6vetelm\u00e9ny\u00e9nek is megfelel. Az internet megjelen\u00e9s\u00e9vel m\u00e1r 1995-t\u0151l fejlesztj\u00fck \u00e9s b\u0151v\u00edtj\u00fck online\u00a0<a href=\"http:\/\/kka.hu\/weblapok.nsf\/dd5cab6801f1723585256474005327c8\/a3d3cda1484986d8c12567ed0045fa16?OpenDocument\">k\u00f6z\u00f6ss\u00e9gi adatt\u00e1r<\/a>unkat, amelyben a kor\u00e1bbi (internet el\u0151tti) \u00e9vek relev\u00e1ns szakmai anyagai is el\u00e9rhet\u0151ek digit\u00e1lis form\u00e1ban. A k\u00f6z\u00f6ss\u00e9gi adatt\u00e1r kezdetekt\u0151l t\u00e1rgyszavas rendszerben \u00e9p\u00fclt \u00e9s b\u0151v\u00fclt, \u00edgy k\u00f6nny\u0171 kezelhet\u0151s\u00e9get, keres\u00e9si lehet\u0151s\u00e9get biztos\u00edt.<\/p>\n<p>2013-t\u00f3l lapunk online form\u00e1ban jelenik meg, s ez nem csak k\u00e9panyag\u00e1ban, hanem hivatkoz\u00e1s\u00e1ban, kapcsol\u00f3d\u00f3 linkjeiben \u00e9s interakt\u00edv jelleg\u00e9vel is hozz\u00e1adott \u00e9rt\u00e9kkel gazdag\u00edtja a Parol\u00e1t, amely az adatt\u00e1r szakmai anyagaival is k\u00f6zvetlen \u00f6sszek\u00f6ttet\u00e9st teremt, \u00edgy az tov\u00e1bbi kapcsol\u00f3d\u00f3 inform\u00e1ci\u00f3khoz jelent hozz\u00e1f\u00e9r\u00e9st az \u00e9rdekl\u0151d\u0151 olvas\u00f3k sz\u00e1m\u00e1ra.<\/p>\n<p>Az elektronikus foly\u00f3iratsz\u00e1mokat a http:\/\/kofe.hu\/parola \u00a0subdomain-en publik\u00e1ljuk, amely \u00f6ssze van kapcsolva egyes\u00fclet\u00fcnk honlapj\u00e1val<\/p>\n<p>(http:\/\/kofe.hu) \u00e9s ezen is h\u00edrt adunk az \u00fajabb lapsz\u00e1m megjelen\u00e9s\u00e9r\u0151l \u00e9s tartalm\u00e1r\u00f3l.<\/p>\n<p>Az \u00faj form\u00e1tum n\u00e9pszer\u0171s\u00edt\u00e9s\u00e9hez m\u00e1s civil szervezetek internetes fel\u00fcleteit is szeretn\u00e9nk fokozatosan felhaszn\u00e1lni, nemcsak bannerek, hanem figyelemfelkelt\u0151 video-riportok k\u00e9sz\u00edt\u00e9s\u00e9vel \u00e9s elhelyez\u00e9s\u00e9vel is.<\/p>\n<p>A lapot m\u0171vel\u0151d\u00e9si int\u00e9zm\u00e9nyekben dolgoz\u00f3k, k\u00f6z\u00f6ss\u00e9gi munk\u00e1sok, civil szervezetek k\u00e9pvisel\u0151i, vid\u00e9k- \u00e9s telep\u00fcl\u00e9sfejleszt\u00e9ssel foglalkoz\u00f3k, \u00f6nkorm\u00e1nyzatok alkalmazottai \u00e9s v\u00e1lasztott k\u00e9pvisel\u0151i, nonprofit szolg\u00e1ltat\u00f3 int\u00e9zm\u00e9nyek vezet\u0151i, pedag\u00f3gusok, k\u00f6nyvt\u00e1rosok, szoci\u00e1lis munk\u00e1sok, lelk\u00e9szek, k\u00f6rnyezetv\u00e9delemmel foglalkoz\u00f3k, esetenk\u00e9nt agr\u00e1rszakemberek \u00e9s m\u00e1s a helyi k\u00f6z\u00f6ss\u00e9gi cselekv\u00e9sekben \u00e9rdekelt \u00e9s elk\u00f6telezett \u00e9rdekl\u0151d\u0151k olvass\u00e1k rendszeresen. A cikkek \u00edr\u00f3i is z\u00f6mmel az \u0151 k\u00f6r\u00fckb\u0151l ker\u00fclnek ki.<\/p>\n<p>Kov\u00e1cs Edit, Eln\u00f6k, felel\u0151s kiad\u00f3<br \/>\nVercseg Ilona, f\u0151szerkeszt\u0151[\/vc_column_text][\/vc_column][\/vc_row]<\/p>\n","protected":false},"excerpt":{"rendered":"<p>[vc_row full_width=&#8221;stretch_row&#8221; css=&#8221;.vc_custom_1553668395477{background-color: #ffffff !important;}&#8221;][vc_column][vc_column_text] A Parola m\u00faltja [\/vc_column_text][vc_text_separator title=&#8221;&#8221; align=&#8221;align_left&#8221; color=&#8221;peacoc&#8221; border_width=&#8221;3&#8243; el_width=&#8221;30&#8243; css_animation=&#8221;bounceInLeft&#8221;][vc_column_text]A PAROL\u00c1T 1990-ben jegyezt\u00e9k be, a k\u00f6z\u00f6ss\u00e9gfejleszt\u00e9s, k\u00f6z\u00f6ss\u00e9gi munka orsz\u00e1gos terjeszt\u00e9s\u0171 szakmai org\u00e1numak\u00e9nt. A lap k\u00f6z\u00f6ss\u00e9geknek, telep\u00fcl\u00e9seknek, azok int\u00e9zm\u00e9nyeinek \u00e9s seg\u00edt\u0151 szakembereinek sz\u00f3l. A PAROLA legf\u0151bb t\u00e9m\u00e1i a k\u00f6z\u00f6ss\u00e9g \u00e9s a r\u00e9szv\u00e9tel elm\u00e9leti \u00e9s gyakorlati k\u00e9rd\u00e9sk\u00f6rei, a civil t\u00e1rsadalom, a bevon\u00e1s-bevon\u00f3d\u00e1s, [&hellip;]<\/p>\n","protected":false},"author":1,"featured_media":0,"parent":0,"menu_order":0,"comment_status":"closed","ping_status":"closed","template":"","meta":{"_acf_changed":false,"footnotes":""},"coauthors":[1034],"class_list":["post-64","page","type-page","status-publish","hentry"],"acf":[],"yoast_head":"<!-- This site is optimized with the Yoast SEO plugin v26.7 - https:\/\/yoast.com\/wordpress\/plugins\/seo\/ -->\n<title>T\u00f6rt\u00e9net\u00fcnk - Parola Foly\u00f3irat<\/title>\n<meta name=\"robots\" content=\"index, follow, max-snippet:-1, max-image-preview:large, max-video-preview:-1\" \/>\n<link rel=\"canonical\" href=\"https:\/\/kofe.hu\/parola\/tortenetunk\/\" \/>\n<meta property=\"og:locale\" content=\"hu_HU\" \/>\n<meta property=\"og:type\" content=\"article\" \/>\n<meta property=\"og:title\" content=\"T\u00f6rt\u00e9net\u00fcnk\" \/>\n<meta property=\"og:description\" content=\"A PAROL\u00c1T 1990-ben jegyezt\u00e9k be, a k\u00f6z\u00f6ss\u00e9gfejleszt\u00e9s, k\u00f6z\u00f6ss\u00e9gi munka orsz\u00e1gos terjeszt\u00e9s\u0171 szakmai org\u00e1numak\u00e9nt. A lap k\u00f6z\u00f6ss\u00e9geknek, telep\u00fcl\u00e9seknek, azok int\u00e9zm\u00e9nyeinek \u00e9s seg\u00edt\u0151 szakembereinek sz\u00f3l.\" \/>\n<meta property=\"og:url\" content=\"https:\/\/kofe.hu\/parola\/tortenetunk\/\" \/>\n<meta property=\"og:site_name\" content=\"Parola Foly\u00f3irat\" \/>\n<meta property=\"article:modified_time\" content=\"2023-07-23T14:03:48+00:00\" \/>\n<meta property=\"og:image\" content=\"https:\/\/kofe.hu\/parola\/wp-content\/uploads\/2019\/05\/torta-e1557559325168.jpg\" \/>\n\t<meta property=\"og:image:width\" content=\"384\" \/>\n\t<meta property=\"og:image:height\" content=\"291\" \/>\n\t<meta property=\"og:image:type\" content=\"image\/jpeg\" \/>\n<meta name=\"twitter:card\" content=\"summary_large_image\" \/>\n<meta name=\"twitter:label1\" content=\"Becs\u00fclt olvas\u00e1si id\u0151\" \/>\n\t<meta name=\"twitter:data1\" content=\"4 perc\" \/>\n<script type=\"application\/ld+json\" class=\"yoast-schema-graph\">{\"@context\":\"https:\/\/schema.org\",\"@graph\":[{\"@type\":\"WebPage\",\"@id\":\"https:\/\/kofe.hu\/parola\/tortenetunk\/\",\"url\":\"https:\/\/kofe.hu\/parola\/tortenetunk\/\",\"name\":\"T\u00f6rt\u00e9net\u00fcnk - Parola Foly\u00f3irat\",\"isPartOf\":{\"@id\":\"https:\/\/kofe.hu\/parola\/#website\"},\"datePublished\":\"2019-03-27T06:30:26+00:00\",\"dateModified\":\"2023-07-23T14:03:48+00:00\",\"breadcrumb\":{\"@id\":\"https:\/\/kofe.hu\/parola\/tortenetunk\/#breadcrumb\"},\"inLanguage\":\"hu\",\"potentialAction\":[{\"@type\":\"ReadAction\",\"target\":[\"https:\/\/kofe.hu\/parola\/tortenetunk\/\"]}]},{\"@type\":\"BreadcrumbList\",\"@id\":\"https:\/\/kofe.hu\/parola\/tortenetunk\/#breadcrumb\",\"itemListElement\":[{\"@type\":\"ListItem\",\"position\":1,\"name\":\"Home\",\"item\":\"https:\/\/kofe.hu\/parola\/\"},{\"@type\":\"ListItem\",\"position\":2,\"name\":\"T\u00f6rt\u00e9net\u00fcnk\"}]},{\"@type\":\"WebSite\",\"@id\":\"https:\/\/kofe.hu\/parola\/#website\",\"url\":\"https:\/\/kofe.hu\/parola\/\",\"name\":\"Parola Foly\u00f3irat\",\"description\":\"\",\"potentialAction\":[{\"@type\":\"SearchAction\",\"target\":{\"@type\":\"EntryPoint\",\"urlTemplate\":\"https:\/\/kofe.hu\/parola\/?s={search_term_string}\"},\"query-input\":{\"@type\":\"PropertyValueSpecification\",\"valueRequired\":true,\"valueName\":\"search_term_string\"}}],\"inLanguage\":\"hu\"}]}<\/script>\n<!-- \/ Yoast SEO plugin. -->","yoast_head_json":{"title":"T\u00f6rt\u00e9net\u00fcnk - Parola Foly\u00f3irat","robots":{"index":"index","follow":"follow","max-snippet":"max-snippet:-1","max-image-preview":"max-image-preview:large","max-video-preview":"max-video-preview:-1"},"canonical":"https:\/\/kofe.hu\/parola\/tortenetunk\/","og_locale":"hu_HU","og_type":"article","og_title":"T\u00f6rt\u00e9net\u00fcnk","og_description":"A PAROL\u00c1T 1990-ben jegyezt\u00e9k be, a k\u00f6z\u00f6ss\u00e9gfejleszt\u00e9s, k\u00f6z\u00f6ss\u00e9gi munka orsz\u00e1gos terjeszt\u00e9s\u0171 szakmai org\u00e1numak\u00e9nt. A lap k\u00f6z\u00f6ss\u00e9geknek, telep\u00fcl\u00e9seknek, azok int\u00e9zm\u00e9nyeinek \u00e9s seg\u00edt\u0151 szakembereinek sz\u00f3l.","og_url":"https:\/\/kofe.hu\/parola\/tortenetunk\/","og_site_name":"Parola Foly\u00f3irat","article_modified_time":"2023-07-23T14:03:48+00:00","og_image":[{"width":384,"height":291,"url":"https:\/\/kofe.hu\/parola\/wp-content\/uploads\/2019\/05\/torta-e1557559325168.jpg","type":"image\/jpeg"}],"twitter_card":"summary_large_image","twitter_misc":{"Becs\u00fclt olvas\u00e1si id\u0151":"4 perc"},"schema":{"@context":"https:\/\/schema.org","@graph":[{"@type":"WebPage","@id":"https:\/\/kofe.hu\/parola\/tortenetunk\/","url":"https:\/\/kofe.hu\/parola\/tortenetunk\/","name":"T\u00f6rt\u00e9net\u00fcnk - Parola Foly\u00f3irat","isPartOf":{"@id":"https:\/\/kofe.hu\/parola\/#website"},"datePublished":"2019-03-27T06:30:26+00:00","dateModified":"2023-07-23T14:03:48+00:00","breadcrumb":{"@id":"https:\/\/kofe.hu\/parola\/tortenetunk\/#breadcrumb"},"inLanguage":"hu","potentialAction":[{"@type":"ReadAction","target":["https:\/\/kofe.hu\/parola\/tortenetunk\/"]}]},{"@type":"BreadcrumbList","@id":"https:\/\/kofe.hu\/parola\/tortenetunk\/#breadcrumb","itemListElement":[{"@type":"ListItem","position":1,"name":"Home","item":"https:\/\/kofe.hu\/parola\/"},{"@type":"ListItem","position":2,"name":"T\u00f6rt\u00e9net\u00fcnk"}]},{"@type":"WebSite","@id":"https:\/\/kofe.hu\/parola\/#website","url":"https:\/\/kofe.hu\/parola\/","name":"Parola Foly\u00f3irat","description":"","potentialAction":[{"@type":"SearchAction","target":{"@type":"EntryPoint","urlTemplate":"https:\/\/kofe.hu\/parola\/?s={search_term_string}"},"query-input":{"@type":"PropertyValueSpecification","valueRequired":true,"valueName":"search_term_string"}}],"inLanguage":"hu"}]}},"_links":{"self":[{"href":"https:\/\/kofe.hu\/parola\/wp-json\/wp\/v2\/pages\/64","targetHints":{"allow":["GET"]}}],"collection":[{"href":"https:\/\/kofe.hu\/parola\/wp-json\/wp\/v2\/pages"}],"about":[{"href":"https:\/\/kofe.hu\/parola\/wp-json\/wp\/v2\/types\/page"}],"author":[{"embeddable":true,"href":"https:\/\/kofe.hu\/parola\/wp-json\/wp\/v2\/users\/1"}],"replies":[{"embeddable":true,"href":"https:\/\/kofe.hu\/parola\/wp-json\/wp\/v2\/comments?post=64"}],"version-history":[{"count":7,"href":"https:\/\/kofe.hu\/parola\/wp-json\/wp\/v2\/pages\/64\/revisions"}],"predecessor-version":[{"id":7527,"href":"https:\/\/kofe.hu\/parola\/wp-json\/wp\/v2\/pages\/64\/revisions\/7527"}],"wp:attachment":[{"href":"https:\/\/kofe.hu\/parola\/wp-json\/wp\/v2\/media?parent=64"}],"wp:term":[{"taxonomy":"author","embeddable":true,"href":"https:\/\/kofe.hu\/parola\/wp-json\/wp\/v2\/coauthors?post=64"}],"curies":[{"name":"wp","href":"https:\/\/api.w.org\/{rel}","templated":true}]}}