{"id":3725,"date":"2020-07-22T13:32:43","date_gmt":"2020-07-22T13:32:43","guid":{"rendered":"https:\/\/kofe.hu\/parola\/?page_id=3725"},"modified":"2020-11-30T17:06:33","modified_gmt":"2020-11-30T17:06:33","slug":"parola-2017-4","status":"publish","type":"page","link":"https:\/\/kofe.hu\/parola\/korabbi-lapszamok\/parola-2017-4\/","title":{"rendered":"Parola 2017\/4"},"content":{"rendered":"<p>[vc_row][vc_column][vc_column_text]<\/p>\n<h1 style=\"text-align: center;\">Parola Foly\u00f3irat 2017\/4<\/h1>\n<p>[\/vc_column_text][vc_row_inner][vc_column_inner width=&#8221;1\/2&#8243;][vc_single_image image=&#8221;3721&#8243;][\/vc_column_inner][vc_column_inner width=&#8221;1\/2&#8243;][vc_column_text font_weight=&#8221;700&#8243; font_size=&#8221;24px&#8221;]A Parola foly\u00f3irat 2017\/4 sz\u00e1ma <a href=\"https:\/\/kofe.hu\/parola\/wp-content\/uploads\/lapszamok\/Parola_2017-4.pdf\">let\u00f6lthet\u0151 INNEN<\/a>[\/vc_column_text][\/vc_column_inner][\/vc_row_inner][\/vc_column][\/vc_row]<\/p>\n","protected":false},"excerpt":{"rendered":"<p>[vc_row][vc_column][vc_column_text] Parola Foly\u00f3irat 2017\/4 [\/vc_column_text][vc_row_inner][vc_column_inner width=&#8221;1\/2&#8243;][vc_single_image image=&#8221;3721&#8243;][\/vc_column_inner][vc_column_inner width=&#8221;1\/2&#8243;][vc_column_text font_weight=&#8221;700&#8243; font_size=&#8221;24px&#8221;]A Parola foly\u00f3irat 2017\/4 sz\u00e1ma let\u00f6lthet\u0151 INNEN[\/vc_column_text][\/vc_column_inner][\/vc_row_inner][\/vc_column][\/vc_row]<\/p>\n","protected":false},"author":160,"featured_media":3721,"parent":11,"menu_order":0,"comment_status":"closed","ping_status":"closed","template":"","meta":{"_acf_changed":false,"footnotes":""},"coauthors":[612],"class_list":["post-3725","page","type-page","status-publish","has-post-thumbnail","hentry"],"acf":[],"yoast_head":"<!-- This site is optimized with the Yoast SEO plugin v26.7 - https:\/\/yoast.com\/wordpress\/plugins\/seo\/ -->\n<title>Parola 2017\/4 - Parola Foly\u00f3irat<\/title>\n<meta name=\"robots\" content=\"index, follow, max-snippet:-1, max-image-preview:large, max-video-preview:-1\" \/>\n<link rel=\"canonical\" href=\"https:\/\/kofe.hu\/parola\/korabbi-lapszamok\/parola-2017-4\/\" \/>\n<meta property=\"og:locale\" content=\"hu_HU\" \/>\n<meta property=\"og:type\" content=\"article\" \/>\n<meta property=\"og:title\" content=\"Parola 2017\/4 - Parola Foly\u00f3irat\" \/>\n<meta property=\"og:description\" content=\"[vc_row][vc_column][vc_column_text] Parola Foly\u00f3irat 2017\/4 [\/vc_column_text][vc_row_inner][vc_column_inner width=&#8221;1\/2&#8243;][vc_single_image image=&#8221;3721&#8243;][\/vc_column_inner][vc_column_inner width=&#8221;1\/2&#8243;][vc_column_text font_weight=&#8221;700&#8243; font_size=&#8221;24px&#8221;]A Parola foly\u00f3irat 2017\/4 sz\u00e1ma let\u00f6lthet\u0151 INNEN[\/vc_column_text][\/vc_column_inner][\/vc_row_inner][\/vc_column][\/vc_row]\" \/>\n<meta property=\"og:url\" content=\"https:\/\/kofe.hu\/parola\/korabbi-lapszamok\/parola-2017-4\/\" \/>\n<meta property=\"og:site_name\" content=\"Parola Foly\u00f3irat\" \/>\n<meta property=\"article:modified_time\" content=\"2020-11-30T17:06:33+00:00\" \/>\n<meta property=\"og:image\" content=\"https:\/\/kofe.hu\/parola\/wp-content\/uploads\/2020\/07\/2017-4_cim_jav.jpg\" \/>\n\t<meta property=\"og:image:width\" content=\"1241\" \/>\n\t<meta property=\"og:image:height\" content=\"1755\" \/>\n\t<meta property=\"og:image:type\" content=\"image\/jpeg\" \/>\n<meta name=\"twitter:card\" content=\"summary_large_image\" \/>\n<meta name=\"twitter:label1\" content=\"Written by\" \/>\n\t<meta name=\"twitter:data1\" content=\"bkitti\" \/>\n<script type=\"application\/ld+json\" class=\"yoast-schema-graph\">{\"@context\":\"https:\/\/schema.org\",\"@graph\":[{\"@type\":\"WebPage\",\"@id\":\"https:\/\/kofe.hu\/parola\/korabbi-lapszamok\/parola-2017-4\/\",\"url\":\"https:\/\/kofe.hu\/parola\/korabbi-lapszamok\/parola-2017-4\/\",\"name\":\"Parola 2017\/4 - Parola Foly\u00f3irat\",\"isPartOf\":{\"@id\":\"https:\/\/kofe.hu\/parola\/#website\"},\"primaryImageOfPage\":{\"@id\":\"https:\/\/kofe.hu\/parola\/korabbi-lapszamok\/parola-2017-4\/#primaryimage\"},\"image\":{\"@id\":\"https:\/\/kofe.hu\/parola\/korabbi-lapszamok\/parola-2017-4\/#primaryimage\"},\"thumbnailUrl\":\"https:\/\/kofe.hu\/parola\/wp-content\/uploads\/2020\/07\/2017-4_cim_jav.jpg\",\"datePublished\":\"2020-07-22T13:32:43+00:00\",\"dateModified\":\"2020-11-30T17:06:33+00:00\",\"breadcrumb\":{\"@id\":\"https:\/\/kofe.hu\/parola\/korabbi-lapszamok\/parola-2017-4\/#breadcrumb\"},\"inLanguage\":\"hu\",\"potentialAction\":[{\"@type\":\"ReadAction\",\"target\":[\"https:\/\/kofe.hu\/parola\/korabbi-lapszamok\/parola-2017-4\/\"]}]},{\"@type\":\"ImageObject\",\"inLanguage\":\"hu\",\"@id\":\"https:\/\/kofe.hu\/parola\/korabbi-lapszamok\/parola-2017-4\/#primaryimage\",\"url\":\"https:\/\/kofe.hu\/parola\/wp-content\/uploads\/2020\/07\/2017-4_cim_jav.jpg\",\"contentUrl\":\"https:\/\/kofe.hu\/parola\/wp-content\/uploads\/2020\/07\/2017-4_cim_jav.jpg\",\"width\":1241,\"height\":1755},{\"@type\":\"BreadcrumbList\",\"@id\":\"https:\/\/kofe.hu\/parola\/korabbi-lapszamok\/parola-2017-4\/#breadcrumb\",\"itemListElement\":[{\"@type\":\"ListItem\",\"position\":1,\"name\":\"Home\",\"item\":\"https:\/\/kofe.hu\/parola\/\"},{\"@type\":\"ListItem\",\"position\":2,\"name\":\"Kor\u00e1bbi lapsz\u00e1mok\",\"item\":\"https:\/\/kofe.hu\/parola\/korabbi-lapszamok\/\"},{\"@type\":\"ListItem\",\"position\":3,\"name\":\"Parola 2017\/4\"}]},{\"@type\":\"WebSite\",\"@id\":\"https:\/\/kofe.hu\/parola\/#website\",\"url\":\"https:\/\/kofe.hu\/parola\/\",\"name\":\"Parola Foly\u00f3irat\",\"description\":\"\",\"potentialAction\":[{\"@type\":\"SearchAction\",\"target\":{\"@type\":\"EntryPoint\",\"urlTemplate\":\"https:\/\/kofe.hu\/parola\/?s={search_term_string}\"},\"query-input\":{\"@type\":\"PropertyValueSpecification\",\"valueRequired\":true,\"valueName\":\"search_term_string\"}}],\"inLanguage\":\"hu\"}]}<\/script>\n<!-- \/ Yoast SEO plugin. -->","yoast_head_json":{"title":"Parola 2017\/4 - Parola Foly\u00f3irat","robots":{"index":"index","follow":"follow","max-snippet":"max-snippet:-1","max-image-preview":"max-image-preview:large","max-video-preview":"max-video-preview:-1"},"canonical":"https:\/\/kofe.hu\/parola\/korabbi-lapszamok\/parola-2017-4\/","og_locale":"hu_HU","og_type":"article","og_title":"Parola 2017\/4 - Parola Foly\u00f3irat","og_description":"[vc_row][vc_column][vc_column_text] Parola Foly\u00f3irat 2017\/4 [\/vc_column_text][vc_row_inner][vc_column_inner width=&#8221;1\/2&#8243;][vc_single_image image=&#8221;3721&#8243;][\/vc_column_inner][vc_column_inner width=&#8221;1\/2&#8243;][vc_column_text font_weight=&#8221;700&#8243; font_size=&#8221;24px&#8221;]A Parola foly\u00f3irat 2017\/4 sz\u00e1ma let\u00f6lthet\u0151 INNEN[\/vc_column_text][\/vc_column_inner][\/vc_row_inner][\/vc_column][\/vc_row]","og_url":"https:\/\/kofe.hu\/parola\/korabbi-lapszamok\/parola-2017-4\/","og_site_name":"Parola Foly\u00f3irat","article_modified_time":"2020-11-30T17:06:33+00:00","og_image":[{"width":1241,"height":1755,"url":"https:\/\/kofe.hu\/parola\/wp-content\/uploads\/2020\/07\/2017-4_cim_jav.jpg","type":"image\/jpeg"}],"twitter_card":"summary_large_image","twitter_misc":{"Written by":"bkitti"},"schema":{"@context":"https:\/\/schema.org","@graph":[{"@type":"WebPage","@id":"https:\/\/kofe.hu\/parola\/korabbi-lapszamok\/parola-2017-4\/","url":"https:\/\/kofe.hu\/parola\/korabbi-lapszamok\/parola-2017-4\/","name":"Parola 2017\/4 - Parola Foly\u00f3irat","isPartOf":{"@id":"https:\/\/kofe.hu\/parola\/#website"},"primaryImageOfPage":{"@id":"https:\/\/kofe.hu\/parola\/korabbi-lapszamok\/parola-2017-4\/#primaryimage"},"image":{"@id":"https:\/\/kofe.hu\/parola\/korabbi-lapszamok\/parola-2017-4\/#primaryimage"},"thumbnailUrl":"https:\/\/kofe.hu\/parola\/wp-content\/uploads\/2020\/07\/2017-4_cim_jav.jpg","datePublished":"2020-07-22T13:32:43+00:00","dateModified":"2020-11-30T17:06:33+00:00","breadcrumb":{"@id":"https:\/\/kofe.hu\/parola\/korabbi-lapszamok\/parola-2017-4\/#breadcrumb"},"inLanguage":"hu","potentialAction":[{"@type":"ReadAction","target":["https:\/\/kofe.hu\/parola\/korabbi-lapszamok\/parola-2017-4\/"]}]},{"@type":"ImageObject","inLanguage":"hu","@id":"https:\/\/kofe.hu\/parola\/korabbi-lapszamok\/parola-2017-4\/#primaryimage","url":"https:\/\/kofe.hu\/parola\/wp-content\/uploads\/2020\/07\/2017-4_cim_jav.jpg","contentUrl":"https:\/\/kofe.hu\/parola\/wp-content\/uploads\/2020\/07\/2017-4_cim_jav.jpg","width":1241,"height":1755},{"@type":"BreadcrumbList","@id":"https:\/\/kofe.hu\/parola\/korabbi-lapszamok\/parola-2017-4\/#breadcrumb","itemListElement":[{"@type":"ListItem","position":1,"name":"Home","item":"https:\/\/kofe.hu\/parola\/"},{"@type":"ListItem","position":2,"name":"Kor\u00e1bbi lapsz\u00e1mok","item":"https:\/\/kofe.hu\/parola\/korabbi-lapszamok\/"},{"@type":"ListItem","position":3,"name":"Parola 2017\/4"}]},{"@type":"WebSite","@id":"https:\/\/kofe.hu\/parola\/#website","url":"https:\/\/kofe.hu\/parola\/","name":"Parola Foly\u00f3irat","description":"","potentialAction":[{"@type":"SearchAction","target":{"@type":"EntryPoint","urlTemplate":"https:\/\/kofe.hu\/parola\/?s={search_term_string}"},"query-input":{"@type":"PropertyValueSpecification","valueRequired":true,"valueName":"search_term_string"}}],"inLanguage":"hu"}]}},"_links":{"self":[{"href":"https:\/\/kofe.hu\/parola\/wp-json\/wp\/v2\/pages\/3725","targetHints":{"allow":["GET"]}}],"collection":[{"href":"https:\/\/kofe.hu\/parola\/wp-json\/wp\/v2\/pages"}],"about":[{"href":"https:\/\/kofe.hu\/parola\/wp-json\/wp\/v2\/types\/page"}],"author":[{"embeddable":true,"href":"https:\/\/kofe.hu\/parola\/wp-json\/wp\/v2\/users\/160"}],"replies":[{"embeddable":true,"href":"https:\/\/kofe.hu\/parola\/wp-json\/wp\/v2\/comments?post=3725"}],"version-history":[{"count":6,"href":"https:\/\/kofe.hu\/parola\/wp-json\/wp\/v2\/pages\/3725\/revisions"}],"predecessor-version":[{"id":5730,"href":"https:\/\/kofe.hu\/parola\/wp-json\/wp\/v2\/pages\/3725\/revisions\/5730"}],"up":[{"embeddable":true,"href":"https:\/\/kofe.hu\/parola\/wp-json\/wp\/v2\/pages\/11"}],"wp:featuredmedia":[{"embeddable":true,"href":"https:\/\/kofe.hu\/parola\/wp-json\/wp\/v2\/media\/3721"}],"wp:attachment":[{"href":"https:\/\/kofe.hu\/parola\/wp-json\/wp\/v2\/media?parent=3725"}],"wp:term":[{"taxonomy":"author","embeddable":true,"href":"https:\/\/kofe.hu\/parola\/wp-json\/wp\/v2\/coauthors?post=3725"}],"curies":[{"name":"wp","href":"https:\/\/api.w.org\/{rel}","templated":true}]}}