{"id":224,"date":"2019-05-10T17:56:39","date_gmt":"2019-05-10T17:56:39","guid":{"rendered":"http:\/\/kofe.hu\/parola\/?page_id=224"},"modified":"2019-07-23T18:02:45","modified_gmt":"2019-07-23T18:02:45","slug":"rolunk","status":"publish","type":"page","link":"https:\/\/kofe.hu\/parola\/rolunk\/","title":{"rendered":"R\u00f3lunk"},"content":{"rendered":"<p>[vc_row][vc_column css=&#8221;.vc_custom_1563210503934{margin-top: 40px !important;margin-bottom: 40px !important;padding-top: 40px !important;padding-bottom: 40px !important;background-color: #ffffff !important;}&#8221;][vc_column_text]<\/p>\n<h1 style=\"text-align: center;\"><span style=\"font-weight: 400;\">PAROLA 30<\/span><\/h1>\n<p><span style=\"font-weight: 400;\"><img loading=\"lazy\" decoding=\"async\" class=\" wp-image-794 alignright\" src=\"https:\/\/kofe.hu\/parola\/wp-content\/uploads\/2019\/07\/scan-1-212x300.jpg\" alt=\"\" width=\"314\" height=\"444\" srcset=\"https:\/\/kofe.hu\/parola\/wp-content\/uploads\/2019\/07\/scan-1-212x300.jpg 212w, https:\/\/kofe.hu\/parola\/wp-content\/uploads\/2019\/07\/scan-1-768x1086.jpg 768w, https:\/\/kofe.hu\/parola\/wp-content\/uploads\/2019\/07\/scan-1-724x1024.jpg 724w, https:\/\/kofe.hu\/parola\/wp-content\/uploads\/2019\/07\/scan-1-7x10.jpg 7w, https:\/\/kofe.hu\/parola\/wp-content\/uploads\/2019\/07\/scan-1.jpg 1654w\" sizes=\"auto, (max-width: 314px) 100vw, 314px\" \/>\u201eMegfeksz\u00fcnk a g\u00f6d\u00f6r alj\u00e1n. Higgy\u00e9k el, olyan nagy fel\u00fclettel, az eg\u00e9sz test\u00fcnkkel, hogy enn\u00e9l m\u00e9lyebbre most nem tudunk s\u00fcllyedni. Ez &#8211; lefel\u00e9 &#8211; egy stabil helyzet.\u201d Ismer\u0151s a f\u00edling ma, 2019-ben? Majd\u2019 30 \u00e9ves a sz\u00f6veg, a <\/span><i><span style=\"font-weight: 400;\">Parola <\/span><\/i><span style=\"font-weight: 400;\">els\u0151 \u00e9vfolyama els\u0151 sz\u00e1m\u00e1nak els\u0151 mondatai.<\/span><\/p>\n<p><span style=\"font-weight: 400;\">S kicsit lejjebb: \u201eMost melyik az igaz: a leromlott, sz\u00e9thordott, ki\u00fcr\u00fclt, m\u00e9lypontra k\u00e9nyszer\u00edtett [orsz\u00e1g], a s\u00f6t\u00e9tnek a l\u00e1tom\u00e1sa, vagy az itt is, ott is felbukkan\u00f3, elszigetelt vagy egym\u00e1sra tal\u00e1l\u00f3, led\u00f6nthetetlen, elt\u00e1ntor\u00edthatatlan, b\u00f6lcs-ravasz-akarnok k\u00fcl\u00f6n\u00f6s emberek serege? Egyszerre mindkett\u0151. \u00c9ppen arra szervez\u0151dik ez a <\/span><i><span style=\"font-weight: 400;\">K\u00f6z\u00f6ss\u00e9gfejleszt\u0151k Egyes\u00fclete<\/span><\/i><span style=\"font-weight: 400;\">, hogy az orsz\u00e1g k\u00fcl\u00f6nb\u00f6z\u0151 helyein \u00e9l\u0151, gondolkoz\u00f3, cselekv\u0151, a v\u00e1ltoztathatatlannak mondottba bele nem t\u00f6r\u0151d\u0151ket megtal\u00e1lja, [\u2026] s hogy ebb\u0151l a kett\u0151s k\u00e9pb\u0151l felsz\u00ednre hozza a j\u00f3t, a t\u00f6bbi\u00e9rt val\u00f3t az emberekb\u0151l, k\u00f6z\u00f6ss\u00e9gekb\u0151l, telep\u00fcl\u00e9sekb\u0151l.\u201d<\/span><\/p>\n<p><span style=\"font-weight: 400;\">A Parola pedig az\u00e9rt sz\u00fcletett meg, hogy ez a felsz\u00ednre hozatal, kapcsolat\u00e9p\u00edt\u00e9s \u00e9s \u00e9p\u00edtkez\u00e9s l\u00e1that\u00f3bb, k\u00f6vethet\u0151bb legyen, s hogy a szakmai \u00e9s emberi t\u00f6rt\u00e9netek sz\u00e9lesebb k\u00f6rben is megoszthat\u00f3v\u00e1 v\u00e1ljanak. \u00c9s az\u00e9rt, hogy a hazai k\u00f6z\u00f6ss\u00e9geket, szakembereket \u00e9l\u0151 kapcsolati sz\u00e1lakkal k\u00f6sse \u00f6ssze t\u0151l\u00fcnk keletre \u00e9s nyugatra fekv\u0151 orsz\u00e1gok k\u00f6z\u00f6ss\u00e9geivel \u00e9s t\u00f6rt\u00e9neteivel. A Parola els\u0151 sz\u00e1m\u00e1ban <\/span><i><span style=\"font-weight: 400;\">Beke P\u00e1l<\/span><\/i><span style=\"font-weight: 400;\"> erd\u00e9lyi kapcsolatok \u00e9p\u00edt\u00e9s\u00e9re buzd\u00edtotta a hazai telep\u00fcl\u00e9seket, <\/span><i><span style=\"font-weight: 400;\">Varga Tam\u00e1s<\/span><\/i><span style=\"font-weight: 400;\"> pedig a francia csere- \u00e9s testv\u00e9rkapcsolatok jelent\u0151s\u00e9g\u00e9r\u0151l \u00edrt.<\/span><\/p>\n<p><span style=\"font-weight: 400;\">Az Parola marg\u00f3j\u00e1n akkoriban ez \u00e1llt: <\/span><i><span style=\"font-weight: 400;\">Telep\u00fcl\u00e9seknek &#8211; K\u00f6z\u00f6ss\u00e9geknek &#8211; Seg\u00edt\u0151 szakembereknek<\/span><\/i><span style=\"font-weight: 400;\">. Olyan foly\u00f3irat k\u00edv\u00e1nt teh\u00e1t lenni, mely egyszerre szolg\u00e1lja a laikusok \u00e9s szakemberek fejl\u0151d\u00e9s\u00e9t, hidat teremtve a k\u00fcl\u00f6nf\u00e9le h\u00e1tter\u0171, ak\u00e1r kult\u00far\u00e1j\u00fa csoportok k\u00f6z\u00f6tt. Az id\u0151k sor\u00e1n a Parola organikus r\u00e9sz\u00e9v\u00e9 v\u00e1lt a szakmai fejleszt\u00e9seknek, s a k\u00fcl\u00f6nb\u00f6z\u0151 szinteken \u00e9s int\u00e9zm\u00e9nyi keretek k\u00f6z\u00f6tt megval\u00f3sul\u00f3 k\u00e9pz\u00e9seknek is.<\/span><\/p>\n<p><span style=\"font-weight: 400;\">A fent v\u00e1zolt orsz\u00e1gos helyzetk\u00e9p, sajnos, ak\u00e1r ma is \u00edr\u00f3dhatott volna, ezzel egy\u00fctt nem mondhatjuk, hogy az elm\u00falt 30 \u00e9v ne hozott volna pozit\u00edv v\u00e1ltoz\u00e1sokat, lehet\u0151s\u00e9geket, jelent\u0151s eredm\u00e9nyeket is. A k\u00f6z\u00f6ss\u00e9gfejleszt\u0151 szakma fejl\u0151d\u00e9s\u00e9t a Parola h\u0171en k\u00eds\u00e9rte \u00e9vtizedeken kereszt\u00fcl: b\u0151v\u00fclt szerz\u0151inek \u00e9s olvas\u00f3inak t\u00e1bora, t\u00e1rsszakm\u00e1kkal kereste \u00e9s vette fel a kapcsolatot, arch\u00edvumban v\u00e1lt el\u00e9rhet\u0151v\u00e9 \u00e9s kereshet\u0151v\u00e9 minden valaha megjelent anyaga.\u00a0<\/span><\/p>\n<p><span style=\"font-weight: 400;\">A Parola nyomtat\u00e1s\u00e1r\u00f3l a K\u00f6z\u00f6ss\u00e9gfejleszt\u0151k Egyes\u00fclet\u00e9nek 2013-ban, anyagi okok miatt, le kellett mondania \u2013 egyik szem\u00fcnk s\u00edrt, a m\u00e1sik nevetett. S\u00edrt, mert sokan r\u00e9szes\u00edtett\u00fck el\u0151nyben a nyomtatott olvasnival\u00f3kat az online olvas\u00e1ssal szemben, nevetett, mert magunk is fontosnak tartottuk a k\u00f6rnyezeti terhel\u00e9s cs\u00f6kkent\u00e9s\u00e9t, s tudtuk, ez a k\u00e9nyszer\u0171s\u00e9g majd seg\u00edt minket az online fejleszt\u00e9sben. A feladat kicsit nehezebbnek bizonyult a v\u00e1rtn\u00e1l; sz\u00e1mos pr\u00f3b\u00e1lkoz\u00e1s ut\u00e1n 2019-re jutottunk el od\u00e1ig, hogy a Parola val\u00f3di e-foly\u00f3irat alakj\u00e1t \u00f6ltse, s val\u00f3di strat\u00e9gi\u00e1nk legyen az online k\u00e9sz\u00edt\u00e9ssel \u00e9s terjeszt\u00e9ssel kapcsolatos valamennyi k\u00e9rd\u00e9sben.\u00a0<\/span><\/p>\n<p><span style=\"font-weight: 400;\">A Parola el\u0151fizet\u00e9s\u00e9nek d\u00edja 1990-ben <\/span><i><span style=\"font-weight: 400;\">100 Ft<\/span><\/i><span style=\"font-weight: 400;\"> volt. Ma m\u00e1r el\u0151fizet\u00e9si d\u00edj nincsen, a Parola valamennyi valaha megjelent \u00edr\u00e1sa ingyenesen hozz\u00e1f\u00e9rhet\u0151 az arch\u00edvumon kereszt\u00fcl. A Parola k\u00e9sz\u00edt\u00e9s\u00e9nek, megjelentet\u00e9s\u00e9nek \u00e9s terjeszt\u00e9s\u00e9nek azonban tov\u00e1bbra is vannak k\u00f6lts\u00e9gei. Ez\u00e9rt sz\u00fclet\u00e9snapunkon \u00e9s att\u00f3l f\u00fcggetlen\u00fcl is k\u00f6sz\u00f6nettel fogadunk minden seg\u00edts\u00e9get. Szeretettel v\u00e1rjuk t\u00e1mogat\u00f3i k\u00f6z\u00f6ss\u00e9g\u00fcnkbe!<\/span>[\/vc_column_text][\/vc_column][\/vc_row]<\/p>\n","protected":false},"excerpt":{"rendered":"<p>[vc_row][vc_column css=&#8221;.vc_custom_1563210503934{margin-top: 40px !important;margin-bottom: 40px !important;padding-top: 40px !important;padding-bottom: 40px !important;background-color: #ffffff !important;}&#8221;][vc_column_text] PAROLA 30 \u201eMegfeksz\u00fcnk a g\u00f6d\u00f6r alj\u00e1n. Higgy\u00e9k el, olyan nagy fel\u00fclettel, az eg\u00e9sz test\u00fcnkkel, hogy enn\u00e9l m\u00e9lyebbre most nem tudunk s\u00fcllyedni. Ez &#8211; lefel\u00e9 &#8211; egy stabil helyzet.\u201d Ismer\u0151s a f\u00edling ma, 2019-ben? Majd\u2019 30 \u00e9ves a sz\u00f6veg, a Parola els\u0151 \u00e9vfolyama els\u0151 [&hellip;]<\/p>\n","protected":false},"author":1,"featured_media":0,"parent":0,"menu_order":0,"comment_status":"closed","ping_status":"closed","template":"","meta":{"_acf_changed":false,"footnotes":""},"coauthors":[],"class_list":["post-224","page","type-page","status-publish","hentry"],"acf":[],"yoast_head":"<!-- This site is optimized with the Yoast SEO plugin v26.7 - https:\/\/yoast.com\/wordpress\/plugins\/seo\/ -->\n<title>R\u00f3lunk - Parola Foly\u00f3irat<\/title>\n<meta name=\"robots\" content=\"index, follow, max-snippet:-1, max-image-preview:large, max-video-preview:-1\" \/>\n<link rel=\"canonical\" href=\"https:\/\/kofe.hu\/parola\/rolunk\/\" \/>\n<meta property=\"og:locale\" content=\"hu_HU\" \/>\n<meta property=\"og:type\" content=\"article\" \/>\n<meta property=\"og:title\" content=\"R\u00f3lunk - Parola Foly\u00f3irat\" \/>\n<meta property=\"og:description\" content=\"[vc_row][vc_column css=&#8221;.vc_custom_1563210503934{margin-top: 40px !important;margin-bottom: 40px !important;padding-top: 40px !important;padding-bottom: 40px !important;background-color: #ffffff !important;}&#8221;][vc_column_text] PAROLA 30 \u201eMegfeksz\u00fcnk a g\u00f6d\u00f6r alj\u00e1n. Higgy\u00e9k el, olyan nagy fel\u00fclettel, az eg\u00e9sz test\u00fcnkkel, hogy enn\u00e9l m\u00e9lyebbre most nem tudunk s\u00fcllyedni. Ez &#8211; lefel\u00e9 &#8211; egy stabil helyzet.\u201d Ismer\u0151s a f\u00edling ma, 2019-ben? Majd\u2019 30 \u00e9ves a sz\u00f6veg, a Parola els\u0151 \u00e9vfolyama els\u0151 [&hellip;]\" \/>\n<meta property=\"og:url\" content=\"https:\/\/kofe.hu\/parola\/rolunk\/\" \/>\n<meta property=\"og:site_name\" content=\"Parola Foly\u00f3irat\" \/>\n<meta property=\"article:modified_time\" content=\"2019-07-23T18:02:45+00:00\" \/>\n<meta property=\"og:image\" content=\"https:\/\/kofe.hu\/parola\/wp-content\/uploads\/2019\/07\/scan-1-212x300.jpg\" \/>\n<meta name=\"twitter:card\" content=\"summary_large_image\" \/>\n<meta name=\"twitter:label1\" content=\"Becs\u00fclt olvas\u00e1si id\u0151\" \/>\n\t<meta name=\"twitter:data1\" content=\"4 perc\" \/>\n\t<meta name=\"twitter:label2\" content=\"Written by\" \/>\n\t<meta name=\"twitter:data2\" content=\"Knyih\u00e1r \u00c9va\" \/>\n<script type=\"application\/ld+json\" class=\"yoast-schema-graph\">{\"@context\":\"https:\/\/schema.org\",\"@graph\":[{\"@type\":\"WebPage\",\"@id\":\"https:\/\/kofe.hu\/parola\/rolunk\/\",\"url\":\"https:\/\/kofe.hu\/parola\/rolunk\/\",\"name\":\"R\u00f3lunk - Parola Foly\u00f3irat\",\"isPartOf\":{\"@id\":\"https:\/\/kofe.hu\/parola\/#website\"},\"primaryImageOfPage\":{\"@id\":\"https:\/\/kofe.hu\/parola\/rolunk\/#primaryimage\"},\"image\":{\"@id\":\"https:\/\/kofe.hu\/parola\/rolunk\/#primaryimage\"},\"thumbnailUrl\":\"https:\/\/kofe.hu\/parola\/wp-content\/uploads\/2019\/07\/scan-1-212x300.jpg\",\"datePublished\":\"2019-05-10T17:56:39+00:00\",\"dateModified\":\"2019-07-23T18:02:45+00:00\",\"breadcrumb\":{\"@id\":\"https:\/\/kofe.hu\/parola\/rolunk\/#breadcrumb\"},\"inLanguage\":\"hu\",\"potentialAction\":[{\"@type\":\"ReadAction\",\"target\":[\"https:\/\/kofe.hu\/parola\/rolunk\/\"]}]},{\"@type\":\"ImageObject\",\"inLanguage\":\"hu\",\"@id\":\"https:\/\/kofe.hu\/parola\/rolunk\/#primaryimage\",\"url\":\"https:\/\/kofe.hu\/parola\/wp-content\/uploads\/2019\/07\/scan-1.jpg\",\"contentUrl\":\"https:\/\/kofe.hu\/parola\/wp-content\/uploads\/2019\/07\/scan-1.jpg\",\"width\":1654,\"height\":2338},{\"@type\":\"BreadcrumbList\",\"@id\":\"https:\/\/kofe.hu\/parola\/rolunk\/#breadcrumb\",\"itemListElement\":[{\"@type\":\"ListItem\",\"position\":1,\"name\":\"Home\",\"item\":\"https:\/\/kofe.hu\/parola\/\"},{\"@type\":\"ListItem\",\"position\":2,\"name\":\"R\u00f3lunk\"}]},{\"@type\":\"WebSite\",\"@id\":\"https:\/\/kofe.hu\/parola\/#website\",\"url\":\"https:\/\/kofe.hu\/parola\/\",\"name\":\"Parola Foly\u00f3irat\",\"description\":\"\",\"potentialAction\":[{\"@type\":\"SearchAction\",\"target\":{\"@type\":\"EntryPoint\",\"urlTemplate\":\"https:\/\/kofe.hu\/parola\/?s={search_term_string}\"},\"query-input\":{\"@type\":\"PropertyValueSpecification\",\"valueRequired\":true,\"valueName\":\"search_term_string\"}}],\"inLanguage\":\"hu\"}]}<\/script>\n<!-- \/ Yoast SEO plugin. -->","yoast_head_json":{"title":"R\u00f3lunk - Parola Foly\u00f3irat","robots":{"index":"index","follow":"follow","max-snippet":"max-snippet:-1","max-image-preview":"max-image-preview:large","max-video-preview":"max-video-preview:-1"},"canonical":"https:\/\/kofe.hu\/parola\/rolunk\/","og_locale":"hu_HU","og_type":"article","og_title":"R\u00f3lunk - Parola Foly\u00f3irat","og_description":"[vc_row][vc_column css=&#8221;.vc_custom_1563210503934{margin-top: 40px !important;margin-bottom: 40px !important;padding-top: 40px !important;padding-bottom: 40px !important;background-color: #ffffff !important;}&#8221;][vc_column_text] PAROLA 30 \u201eMegfeksz\u00fcnk a g\u00f6d\u00f6r alj\u00e1n. Higgy\u00e9k el, olyan nagy fel\u00fclettel, az eg\u00e9sz test\u00fcnkkel, hogy enn\u00e9l m\u00e9lyebbre most nem tudunk s\u00fcllyedni. Ez &#8211; lefel\u00e9 &#8211; egy stabil helyzet.\u201d Ismer\u0151s a f\u00edling ma, 2019-ben? Majd\u2019 30 \u00e9ves a sz\u00f6veg, a Parola els\u0151 \u00e9vfolyama els\u0151 [&hellip;]","og_url":"https:\/\/kofe.hu\/parola\/rolunk\/","og_site_name":"Parola Foly\u00f3irat","article_modified_time":"2019-07-23T18:02:45+00:00","og_image":[{"url":"https:\/\/kofe.hu\/parola\/wp-content\/uploads\/2019\/07\/scan-1-212x300.jpg","type":"","width":"","height":""}],"twitter_card":"summary_large_image","twitter_misc":{"Becs\u00fclt olvas\u00e1si id\u0151":"4 perc","Written by":"Knyih\u00e1r \u00c9va"},"schema":{"@context":"https:\/\/schema.org","@graph":[{"@type":"WebPage","@id":"https:\/\/kofe.hu\/parola\/rolunk\/","url":"https:\/\/kofe.hu\/parola\/rolunk\/","name":"R\u00f3lunk - Parola Foly\u00f3irat","isPartOf":{"@id":"https:\/\/kofe.hu\/parola\/#website"},"primaryImageOfPage":{"@id":"https:\/\/kofe.hu\/parola\/rolunk\/#primaryimage"},"image":{"@id":"https:\/\/kofe.hu\/parola\/rolunk\/#primaryimage"},"thumbnailUrl":"https:\/\/kofe.hu\/parola\/wp-content\/uploads\/2019\/07\/scan-1-212x300.jpg","datePublished":"2019-05-10T17:56:39+00:00","dateModified":"2019-07-23T18:02:45+00:00","breadcrumb":{"@id":"https:\/\/kofe.hu\/parola\/rolunk\/#breadcrumb"},"inLanguage":"hu","potentialAction":[{"@type":"ReadAction","target":["https:\/\/kofe.hu\/parola\/rolunk\/"]}]},{"@type":"ImageObject","inLanguage":"hu","@id":"https:\/\/kofe.hu\/parola\/rolunk\/#primaryimage","url":"https:\/\/kofe.hu\/parola\/wp-content\/uploads\/2019\/07\/scan-1.jpg","contentUrl":"https:\/\/kofe.hu\/parola\/wp-content\/uploads\/2019\/07\/scan-1.jpg","width":1654,"height":2338},{"@type":"BreadcrumbList","@id":"https:\/\/kofe.hu\/parola\/rolunk\/#breadcrumb","itemListElement":[{"@type":"ListItem","position":1,"name":"Home","item":"https:\/\/kofe.hu\/parola\/"},{"@type":"ListItem","position":2,"name":"R\u00f3lunk"}]},{"@type":"WebSite","@id":"https:\/\/kofe.hu\/parola\/#website","url":"https:\/\/kofe.hu\/parola\/","name":"Parola Foly\u00f3irat","description":"","potentialAction":[{"@type":"SearchAction","target":{"@type":"EntryPoint","urlTemplate":"https:\/\/kofe.hu\/parola\/?s={search_term_string}"},"query-input":{"@type":"PropertyValueSpecification","valueRequired":true,"valueName":"search_term_string"}}],"inLanguage":"hu"}]}},"_links":{"self":[{"href":"https:\/\/kofe.hu\/parola\/wp-json\/wp\/v2\/pages\/224","targetHints":{"allow":["GET"]}}],"collection":[{"href":"https:\/\/kofe.hu\/parola\/wp-json\/wp\/v2\/pages"}],"about":[{"href":"https:\/\/kofe.hu\/parola\/wp-json\/wp\/v2\/types\/page"}],"author":[{"embeddable":true,"href":"https:\/\/kofe.hu\/parola\/wp-json\/wp\/v2\/users\/1"}],"replies":[{"embeddable":true,"href":"https:\/\/kofe.hu\/parola\/wp-json\/wp\/v2\/comments?post=224"}],"version-history":[{"count":5,"href":"https:\/\/kofe.hu\/parola\/wp-json\/wp\/v2\/pages\/224\/revisions"}],"predecessor-version":[{"id":796,"href":"https:\/\/kofe.hu\/parola\/wp-json\/wp\/v2\/pages\/224\/revisions\/796"}],"wp:attachment":[{"href":"https:\/\/kofe.hu\/parola\/wp-json\/wp\/v2\/media?parent=224"}],"wp:term":[{"taxonomy":"author","embeddable":true,"href":"https:\/\/kofe.hu\/parola\/wp-json\/wp\/v2\/coauthors?post=224"}],"curies":[{"name":"wp","href":"https:\/\/api.w.org\/{rel}","templated":true}]}}