{"id":140,"date":"2019-04-30T07:04:33","date_gmt":"2019-04-30T07:04:33","guid":{"rendered":"http:\/\/kofe.hu\/parola\/?page_id=140"},"modified":"2019-05-01T08:12:16","modified_gmt":"2019-05-01T08:12:16","slug":"megjelent-vercseg-ilona-fejezetek-az-europai-kozossegfejlesztes-tortenetebol","status":"publish","type":"page","link":"https:\/\/kofe.hu\/parola\/korabbi-lapszamok\/megjelent-vercseg-ilona-fejezetek-az-europai-kozossegfejlesztes-tortenetebol\/","title":{"rendered":"MEGJELENT Vercseg Ilona:  Fejezetek az eur\u00f3pai k\u00f6z\u00f6ss\u00e9gfejleszt\u00e9s t\u00f6rt\u00e9net\u00e9b\u0151l"},"content":{"rendered":"<p>[vc_row full_width=&#8221;stretch_row&#8221; css=&#8221;.vc_custom_1556609750020{background-color: #f2f2f2 !important;}&#8221;][vc_column css=&#8221;.vc_custom_1556608435755{margin-top: 40px !important;margin-bottom: 40px !important;padding-top: 40px !important;background-color: #ffffff !important;}&#8221;][vc_text_separator title=&#8221;MEGJELENT&#8221; color=&#8221;orange&#8221; border_width=&#8221;3&#8243;][vc_column_text]<\/p>\n<h1 style=\"text-align: center;\">Vercseg Ilona: Fejezetek az eur\u00f3pai k\u00f6z\u00f6ss\u00e9gfejleszt\u00e9s t\u00f6rt\u00e9net\u00e9b\u0151l<\/h1>\n<p>[\/vc_column_text][vc_column_text]<b>Parola f\u00fczet, megjelent 2018-ban a K\u00f6z\u00f6ss\u00e9gfejleszt\u0151k Egyes\u00fclete kiad\u00e1s\u00e1ban.<\/b><\/p>\n<p>&nbsp;<\/p>\n<p><b>El\u00f6lj\u00e1r\u00f3ban (r\u00e9szlet) <\/b><\/p>\n<p>&nbsp;<\/p>\n<p><span style=\"font-weight: 400;\">Egy szakma t\u00f6rt\u00e9nete az adott t\u00e1rsadalom t\u00f6rt\u00e9nelm\u00e9be \u00e1gyaz\u00f3dik be, valamint vil\u00e1gt\u00f6rt\u00e9nelmi folyamatokba is. Ekk\u00e9nt a k\u00f6z\u00f6ss\u00e9gfejleszt\u00e9s t\u00f6rt\u00e9net\u00e9nek meg\u00edr\u00e1sa l\u00e9nyegileg lehetetlen v\u00e1llalkoz\u00e1s, hacsak nem maradn\u00e1nk szigor\u00faan a szakm\u00e1n\u00e1l, seg\u00edts\u00e9g\u00e9vel h\u00fazva meg t\u00e1j\u00e9koz\u00f3d\u00e1sunk hat\u00e1rait. \u00c1m a szakm\u00e1t nem vizsg\u00e1lhatjuk \u00f6nmag\u00e1ban, hiszen az szoros szimbi\u00f3zisban \u00e9l a t\u00e1rsadalommal. \u00daj, nem ritk\u00e1n robban\u00e1sszer\u0171 v\u00e1ltoz\u00e1sok, folyamatok keletkeznek, \u00e1trajzolva a politikai \u00e9s t\u00e1rsadalompolitikai t\u00e9rk\u00e9peket, \u00faj beavatkoz\u00e1si form\u00e1k alakulnak, szervezetek sz\u0171nnek meg \u00e9s hely\u00fckbe \u00fajak l\u00e9pnek. A tegnap t\u00f6rt\u00e9neteit olvassuk itt is, s csak abban lelhet\u00fcnk vigaszt, hogy ez is m\u00e1r a szakmat\u00f6rt\u00e9net r\u00e9sze. <\/span><\/p>\n<p><span style=\"font-weight: 400;\">V\u00e1llalkoz\u00e1sunk \u00edgy sz\u00e1mos csapd\u00e1t, buktat\u00f3t \u00e9s a t\u00e9ved\u00e9si lehet\u0151s\u00e9geket rejt mag\u00e1ban, s csak k\u00e9t dologban b\u00edzhatunk.<\/span><\/p>\n<p><span style=\"font-weight: 400;\">Az egyik, hogy a valami t\u00f6bb a semmin\u00e9l. Ha ki akarunk l\u00e1tni saj\u00e1t mozg\u00e1ster\u00fcnkb\u0151l m\u00e1sok\u00e9ra, akkor meg kell ismern\u00fcnk t\u00f6rekv\u00e9seiket \u00e9s munk\u00e1ikat, \u00edgy szerezve a magunk\u00e9hoz viszony\u00edt\u00e1si alapot. <\/span><\/p>\n<p><span style=\"font-weight: 400;\">A m\u00e1sik, hogy minden, ami a k\u00f6z\u00f6ss\u00e9gfejleszt\u00e9sr\u0151l le\u00edrhat\u00f3, az l\u00e9trehoz\u00e1s\u00e1ban \u00e9s \u00e9rtelmez\u00e9s\u00e9ben is k\u00f6z\u00f6ss\u00e9gi m\u0171faj, ez\u00e9rt a le\u00edrtak-inspir\u00e1lta tov\u00e1bbi t\u00e1j\u00e9koz\u00f3d\u00e1st az olvas\u00f3ra b\u00edzzuk, nevezetesen egy orsz\u00e1g, vagy egy adott korszak kontextus\u00e1nak megismer\u00e9s\u00e9t. A k\u00f6z\u00f6ss\u00e9gfejleszt\u00e9s legf\u0151bb m\u0171k\u00f6d\u00e9si elv\u00e9nek megfelel\u0151en teh\u00e1t <\/span><i><span style=\"font-weight: 400;\">k\u00f6z\u00f6ss\u00e9gi munkam\u00f3d<\/span><\/i><span style=\"font-weight: 400;\">ban<\/span> <span style=\"font-weight: 400;\">dolgoznak az \u00edr\u00f3k \u00e9s az olvas\u00f3 is. A t\u00f6bbes sz\u00e1m nem v\u00e9letlen: ezt a t\u00f6rt\u00e9netet, mint a hivatkoz\u00e1sokb\u00f3l is l\u00e1tni fogj\u00e1k, t\u00f6bben \u00edrtuk: kort\u00e1rs koll\u00e9g\u00e1k szerte Eur\u00f3p\u00e1b\u00f3l.<\/span>[\/vc_column_text][vc_single_image image=&#8221;189&#8243; add_caption=&#8221;yes&#8221; alignment=&#8221;center&#8221;][vc_column_text]<b>Tartalom<\/b><\/p>\n<p>&nbsp;<\/p>\n<ol>\n<li><b> Eredet \u00e9s n\u00f6veked\u00e9s<\/b><\/li>\n<li><b> Fejezetek az eur\u00f3pai k\u00f6z\u00f6ss\u00e9gfejleszt\u00e9s t\u00f6rt\u00e9net\u00e9b\u0151l <\/b><\/li>\n<\/ol>\n<p><i><span style=\"font-weight: 400;\">Eur\u00f3pa<\/span><\/i><\/p>\n<p><span style=\"font-weight: 400;\">Egyes\u00edtett Eur\u00f3pai T\u00e1rsadalomfejleszt\u00e9si Iroda \u2013 Combined European Bureau for Social Development CEBSD<\/span><\/p>\n<p><i><span style=\"font-weight: 400;\">Belgium<\/span><\/i><\/p>\n<p><span style=\"font-weight: 400;\">K\u00f6z\u00f6ss\u00e9gfejleszt\u00e9s Belgiumban<\/span><\/p>\n<p><span style=\"font-weight: 400;\">VIBOSO Samenlevingsopbouw Vlaanderen VZW, a K\u00f6z\u00f6ss\u00e9gfejleszt\u0151 Munka Flamand Int\u00e9zete \u00e9s a RISO-k<\/span><\/p>\n<p><i><span style=\"font-weight: 400;\">Bulg\u00e1ria<\/span><\/i><\/p>\n<p><span style=\"font-weight: 400;\">A k\u00f6z\u00f6ss\u00e9gfejleszt\u00e9s r\u00f6vid t\u00f6rt\u00e9nete Bulg\u00e1ri\u00e1ban <\/span><\/p>\n<p><span style=\"font-weight: 400;\">A C.E.G.A. Creating Effective Grassroots Alternatives Foundation (Alap\u00edtv\u00e1ny a hat\u00e9kony helyi alternat\u00edv\u00e1k megteremt\u00e9s\u00e9\u00e9rt)<\/span><\/p>\n<p><span style=\"font-weight: 400;\">Chitalishte (csitalistye) mozgalom<\/span><\/p>\n<p><i><span style=\"font-weight: 400;\">Cseh K\u00f6zt\u00e1rsas\u00e1g <\/span><\/i><\/p>\n<p><span style=\"font-weight: 400;\">A K\u00f6z\u00f6ss\u00e9gszervez\u00e9s K\u00f6zpontja \u2013 Centrum pro komunitn\u00ed pr\u00e1ci CpKP, the Centre of Community Organising CCO<\/span><\/p>\n<p><span style=\"font-weight: 400;\">AGORA Central Europe<\/span><\/p>\n<p><i><span style=\"font-weight: 400;\">D\u00e1nia<\/span><\/i><\/p>\n<p><span style=\"font-weight: 400;\">The Danish Folkeh\u00f8jskole \u2013 A d\u00e1n n\u00e9pf\u0151iskola. A n\u00e9pf\u0151iskol\u00e1k t\u00f6rt\u00e9nete \u00e9s h\u00e1ttere<\/span><\/p>\n<p><span style=\"font-weight: 400;\">KSS Kristeligt Studenter-Settlement \u2013 Kereszt\u00e9ny di\u00e1kok settlementje \u2013 t\u00e1rsadalmi \u00e9s kultur\u00e1lis k\u00f6zpont Koppenh\u00e1g\u00e1ban<\/span><\/p>\n<p><span style=\"font-weight: 400;\">A k\u00f6z\u00f6ss\u00e9gfejleszt\u00e9s oktat\u00e1sa \u00e9s tanul\u00e1sa D\u00e1ni\u00e1ban<\/span><\/p>\n<p><i><span style=\"font-weight: 400;\">Egyes\u00fclt Kir\u00e1lys\u00e1g<\/span><\/i><\/p>\n<p><span style=\"font-weight: 400;\">K\u00f6z\u00f6ss\u00e9gi munka Nagy-Britanni\u00e1ban<\/span><\/p>\n<p><span style=\"font-weight: 400;\">\u00c1llampolg\u00e1ri \u00e9s k\u00f6z\u00f6ss\u00e9gi r\u00e9szv\u00e9tel az Egyes\u00fclet Kir\u00e1lys\u00e1gban <\/span><\/p>\n<p><span style=\"font-weight: 400;\">CDF Community Development Foundation \u2013 K\u00f6z\u00f6ss\u00e9gfejleszt\u0151 Alap\u00edtv\u00e1ny az Egyes\u00fclt Kir\u00e1lys\u00e1gban<\/span><\/p>\n<p><i><span style=\"font-weight: 400;\">Hollandia<\/span><\/i><\/p>\n<p><span style=\"font-weight: 400;\">K\u00f6z\u00f6ss\u00e9gfejleszt\u00e9s Hollandi\u00e1ban<\/span><\/p>\n<p><span style=\"font-weight: 400;\">Az LCO Landelijk Centrum Opbouwwerk \u2013 Orsz\u00e1gos K\u00f6z\u00f6ss\u00e9gfejleszt\u0151 K\u00f6zpont \u00a0<\/span><\/p>\n<p><i><span style=\"font-weight: 400;\">Horv\u00e1torsz\u00e1g<\/span><\/i><\/p>\n<p><span style=\"font-weight: 400;\">Aj\u00e1nlott angol nyelv\u0171 olvasm\u00e1ny Mirela Despotovi\u0107 -t\u00f3l <\/span><\/p>\n<p><i><span style=\"font-weight: 400;\">\u00cdr K\u00f6zt\u00e1rsas\u00e1g<\/span><\/i><\/p>\n<p><span style=\"font-weight: 400;\">Az \u00edrorsz\u00e1gi k\u00f6z\u00f6ss\u00e9gfejleszt\u00e9s t\u00f6rt\u00e9nete<\/span><\/p>\n<p><span style=\"font-weight: 400;\">Community Workers\u2019 Co-operative CWC \u2013 A K\u00f6z\u00f6ss\u00e9gi Munk\u00e1sok Sz\u00f6vetkezete<\/span><\/p>\n<p><span style=\"font-weight: 400;\">Combat Poverty Agency CPA \u2013 Int\u00e9zm\u00e9ny a szeg\u00e9nys\u00e9g lek\u00fczd\u00e9s\u00e9rt<\/span><\/p>\n<p><i><span style=\"font-weight: 400;\">Katal\u00f3nia <\/span><\/i><\/p>\n<p><span style=\"font-weight: 400;\">A k\u00f6z\u00f6ss\u00e9gi \u00e9s \u00e1llampolg\u00e1ri r\u00e9szv\u00e9tel kih\u00edv\u00e1sa<\/span><\/p>\n<p><span style=\"font-weight: 400;\">Cooperativa Estrat\u00e8gies per ala Transformaci\u00f3 Comunit\u00e1ria Sostenible &#8211; Strat\u00e9gi\u00e1k a fenntarthat\u00f3 k\u00f6z\u00f6ss\u00e9gi \u00e1talakul\u00e1s\u00e9rt<\/span><\/p>\n<p><span style=\"font-weight: 400;\">Fundaci\u00f3 Privada Desenvolupament Comunitari FDC \u2013 Community Development <\/span><\/p>\n<p><span style=\"font-weight: 400;\">Foundation \u2013 A \u00a0K\u00f6z\u00f6ss\u00e9gfejleszt\u00e9s Alap\u00edtv\u00e1nya<\/span><\/p>\n<p><i><span style=\"font-weight: 400;\">Lengyelorsz\u00e1g<\/span><\/i><\/p>\n<p><span style=\"font-weight: 400;\">CAL Association Centrum Wspierania Aktywno\u015bci Lokalnej \u2013 Local Activity Support Centre, A helyi cselekv\u00e9st t\u00e1mogat\u00f3 CAL Egyes\u00fclet<\/span><\/p>\n<p>&nbsp;<\/p>\n<p><i><span style=\"font-weight: 400;\">Litv\u00e1nia<\/span><\/i><\/p>\n<p><span style=\"font-weight: 400;\">H\u00e1rom magyar nyelv\u0171 annot\u00e1ci\u00f3 angol nyelv\u0171, a k\u00f6z\u00f6ss\u00e9gfejleszt\u00e9sr\u0151l sz\u00f3l\u00f3 litv\u00e1n tanulm\u00e1nyokr\u00f3l<\/span><\/p>\n<p><i><span style=\"font-weight: 400;\">Magyarorsz\u00e1g<\/span><\/i><\/p>\n<p><span style=\"font-weight: 400;\">A k\u00f6z\u00f6ss\u00e9gfejleszt\u00e9s magyarorsz\u00e1gi t\u00f6rt\u00e9nete<\/span><\/p>\n<p><span style=\"font-weight: 400;\">K\u00f6z\u00f6ss\u00e9gfejleszt\u0151k Egyes\u00fclete \u2013 Hungarian Association for Community Development HACD<\/span><\/p>\n<p><span style=\"font-weight: 400;\">Civil Koll\u00e9gium Alap\u00edtv\u00e1ny \u2013 Civil College Foundation CCF<\/span><\/p>\n<p><i><span style=\"font-weight: 400;\">N\u00e9metorsz\u00e1g<\/span><\/i><\/p>\n<p><span style=\"font-weight: 400;\">A k\u00f6z\u00f6ss\u00e9gfejleszt\u00e9s t\u00f6rt\u00e9nete \u00e9s fejl\u0151d\u00e9se N\u00e9metorsz\u00e1gban<\/span><\/p>\n<p><span style=\"font-weight: 400;\">Parit\u00e4tisches Bildungswerk Bundesverband PBW<\/span><\/p>\n<p><i><span style=\"font-weight: 400;\">Norv\u00e9gia<\/span><\/i><\/p>\n<p><span style=\"font-weight: 400;\">The Ideas Bank Foundation \u2013 az Idea Bank Alap\u00edtv\u00e1ny<\/span><\/p>\n<p><i><span style=\"font-weight: 400;\">Olaszorsz\u00e1g<\/span><\/i><\/p>\n<p><span style=\"font-weight: 400;\">Az eur\u00f3pai h\u00e1l\u00f3zatok szerepe a k\u00f6z\u00f6ss\u00e9gfejleszt\u00e9sben<\/span><\/p>\n<p><i><span style=\"font-weight: 400;\">Rom\u00e1nia<\/span><\/i><\/p>\n<p><span style=\"font-weight: 400;\">PACT Foundation \u2013 Partnership for Community Action and Transformation \u2013 PACT Alap\u00edtv\u00e1ny \u2013 Parners\u00e9g a k\u00f6z\u00f6ss\u00e9gi cselekv\u00e9s\u00e9rt \u00e9s az \u00e1talak\u00edt\u00e1s\u00e9rt<\/span><\/p>\n<p><i><span style=\"font-weight: 400;\">Sk\u00f3cia<\/span><\/i><\/p>\n<p><span style=\"font-weight: 400;\">Scottish Community Development Centre SCDC \u2013 Sk\u00f3t K\u00f6z\u00f6ss\u00e9gfejleszt\u0151 K\u00f6zpont<\/span><\/p>\n<p><i><span style=\"font-weight: 400;\">Spanyolorsz\u00e1g <\/span><\/i><\/p>\n<p><span style=\"font-weight: 400;\">A k\u00f6z\u00f6ss\u00e9gi munka fejl\u0151d\u00e9se Spanyolorsz\u00e1gban<\/span><\/p>\n<p><i><span style=\"font-weight: 400;\">Sv\u00e9dorsz\u00e1g<\/span><\/i><\/p>\n<p><span style=\"font-weight: 400;\">CESAM Centrum for samhallsarbete och mobilisering: Center for Community Development and Local Mobilisation \u2013 A k\u00f6z\u00f6ss\u00e9gfejleszt\u00e9s \u00e9s a helyi mobiliz\u00e1ci\u00f3 k\u00f6zpontja <\/span><\/p>\n<p><span style=\"font-weight: 400;\">Iskolarendszeren k\u00edv\u00fcli feln\u0151ttoktat\u00e1s Sv\u00e9dorsz\u00e1gban, 1994<\/span><\/p>\n<p><i><span style=\"font-weight: 400;\">Szlov\u00e1kia<\/span><\/i><\/p>\n<p><span style=\"font-weight: 400;\">Centrum Komunitn\u00e9ho Oganizovania CKO \u2013 Center for Community Organizing CCO A k\u00f6z\u00f6ss\u00e9gszervez\u00e9s k\u00f6zpontja<\/span><\/p>\n<p><i><span style=\"font-weight: 400;\">Ukrajna<\/span><\/i><\/p>\n<p><span style=\"font-weight: 400;\">GURT Resource Centre \u2013 GURT Er\u0151forr\u00e1s K\u00f6zpont <\/span><\/p>\n<p><span style=\"font-weight: 400;\">Regional Development Agency \u2019Donbass\u2019 \u2013 \u2019Donbass\u2019 Region\u00e1lis Fejleszt\u00e9si Iroda<\/span><\/p>\n<ol start=\"3\">\n<li><b> Mit hoztunk Eur\u00f3p\u00e1b\u00f3l, \u00e9s mit adtunk Eur\u00f3p\u00e1nak?<\/b><\/li>\n<\/ol>\n<p><b>Irodalomjegyz\u00e9k<\/b><\/p>\n<p>&nbsp;<\/p>\n<p><a href=\"http:\/\/www.kofe.hu\/images\/Dokumentumok\/Parolafzet_kfe_eurpai-trtnet_2018.pdf\"><span style=\"font-weight: 400;\">http:\/\/www.kofe.hu\/images\/Dokumentumok\/Parolafzet_kfe_eurpai-trtnet_2018.pdf<\/span><span style=\"font-weight: 400;\"><br \/>\n<\/span><\/a><\/p>\n<p>[\/vc_column_text][\/vc_column][\/vc_row]<\/p>\n","protected":false},"excerpt":{"rendered":"<p>[vc_row full_width=&#8221;stretch_row&#8221; css=&#8221;.vc_custom_1556609750020{background-color: #f2f2f2 !important;}&#8221;][vc_column css=&#8221;.vc_custom_1556608435755{margin-top: 40px !important;margin-bottom: 40px !important;padding-top: 40px !important;background-color: #ffffff !important;}&#8221;][vc_text_separator title=&#8221;MEGJELENT&#8221; color=&#8221;orange&#8221; border_width=&#8221;3&#8243;][vc_column_text] Vercseg Ilona: Fejezetek az eur\u00f3pai k\u00f6z\u00f6ss\u00e9gfejleszt\u00e9s t\u00f6rt\u00e9net\u00e9b\u0151l [\/vc_column_text][vc_column_text]Parola f\u00fczet, megjelent 2018-ban a K\u00f6z\u00f6ss\u00e9gfejleszt\u0151k Egyes\u00fclete kiad\u00e1s\u00e1ban. &nbsp; El\u00f6lj\u00e1r\u00f3ban (r\u00e9szlet) &nbsp; Egy szakma t\u00f6rt\u00e9nete az adott t\u00e1rsadalom t\u00f6rt\u00e9nelm\u00e9be \u00e1gyaz\u00f3dik be, valamint vil\u00e1gt\u00f6rt\u00e9nelmi folyamatokba is. Ekk\u00e9nt a k\u00f6z\u00f6ss\u00e9gfejleszt\u00e9s t\u00f6rt\u00e9net\u00e9nek meg\u00edr\u00e1sa l\u00e9nyegileg [&hellip;]<\/p>\n","protected":false},"author":1,"featured_media":0,"parent":11,"menu_order":0,"comment_status":"closed","ping_status":"closed","template":"","meta":{"_acf_changed":false,"footnotes":""},"coauthors":[],"class_list":["post-140","page","type-page","status-publish","hentry"],"acf":[],"yoast_head":"<!-- This site is optimized with the Yoast SEO plugin v26.7 - https:\/\/yoast.com\/wordpress\/plugins\/seo\/ -->\n<title>MEGJELENT Vercseg Ilona: Fejezetek az eur\u00f3pai k\u00f6z\u00f6ss\u00e9gfejleszt\u00e9s t\u00f6rt\u00e9net\u00e9b\u0151l - Parola Foly\u00f3irat<\/title>\n<meta name=\"robots\" content=\"index, follow, max-snippet:-1, max-image-preview:large, max-video-preview:-1\" \/>\n<link rel=\"canonical\" href=\"https:\/\/kofe.hu\/parola\/korabbi-lapszamok\/megjelent-vercseg-ilona-fejezetek-az-europai-kozossegfejlesztes-tortenetebol\/\" \/>\n<meta property=\"og:locale\" content=\"hu_HU\" \/>\n<meta property=\"og:type\" content=\"article\" \/>\n<meta property=\"og:title\" content=\"MEGJELENT Vercseg Ilona: Fejezetek az eur\u00f3pai k\u00f6z\u00f6ss\u00e9gfejleszt\u00e9s t\u00f6rt\u00e9net\u00e9b\u0151l - Parola Foly\u00f3irat\" \/>\n<meta property=\"og:description\" content=\"[vc_row full_width=&#8221;stretch_row&#8221; css=&#8221;.vc_custom_1556609750020{background-color: #f2f2f2 !important;}&#8221;][vc_column css=&#8221;.vc_custom_1556608435755{margin-top: 40px !important;margin-bottom: 40px !important;padding-top: 40px !important;background-color: #ffffff !important;}&#8221;][vc_text_separator title=&#8221;MEGJELENT&#8221; color=&#8221;orange&#8221; border_width=&#8221;3&#8243;][vc_column_text] Vercseg Ilona: Fejezetek az eur\u00f3pai k\u00f6z\u00f6ss\u00e9gfejleszt\u00e9s t\u00f6rt\u00e9net\u00e9b\u0151l [\/vc_column_text][vc_column_text]Parola f\u00fczet, megjelent 2018-ban a K\u00f6z\u00f6ss\u00e9gfejleszt\u0151k Egyes\u00fclete kiad\u00e1s\u00e1ban. &nbsp; El\u00f6lj\u00e1r\u00f3ban (r\u00e9szlet) &nbsp; Egy szakma t\u00f6rt\u00e9nete az adott t\u00e1rsadalom t\u00f6rt\u00e9nelm\u00e9be \u00e1gyaz\u00f3dik be, valamint vil\u00e1gt\u00f6rt\u00e9nelmi folyamatokba is. Ekk\u00e9nt a k\u00f6z\u00f6ss\u00e9gfejleszt\u00e9s t\u00f6rt\u00e9net\u00e9nek meg\u00edr\u00e1sa l\u00e9nyegileg [&hellip;]\" \/>\n<meta property=\"og:url\" content=\"https:\/\/kofe.hu\/parola\/korabbi-lapszamok\/megjelent-vercseg-ilona-fejezetek-az-europai-kozossegfejlesztes-tortenetebol\/\" \/>\n<meta property=\"og:site_name\" content=\"Parola Foly\u00f3irat\" \/>\n<meta property=\"article:modified_time\" content=\"2019-05-01T08:12:16+00:00\" \/>\n<meta name=\"twitter:card\" content=\"summary_large_image\" \/>\n<meta name=\"twitter:label1\" content=\"Becs\u00fclt olvas\u00e1si id\u0151\" \/>\n\t<meta name=\"twitter:data1\" content=\"6 perc\" \/>\n\t<meta name=\"twitter:label2\" content=\"Written by\" \/>\n\t<meta name=\"twitter:data2\" content=\"Knyih\u00e1r \u00c9va\" \/>\n<script type=\"application\/ld+json\" class=\"yoast-schema-graph\">{\"@context\":\"https:\/\/schema.org\",\"@graph\":[{\"@type\":\"WebPage\",\"@id\":\"https:\/\/kofe.hu\/parola\/korabbi-lapszamok\/megjelent-vercseg-ilona-fejezetek-az-europai-kozossegfejlesztes-tortenetebol\/\",\"url\":\"https:\/\/kofe.hu\/parola\/korabbi-lapszamok\/megjelent-vercseg-ilona-fejezetek-az-europai-kozossegfejlesztes-tortenetebol\/\",\"name\":\"MEGJELENT Vercseg Ilona: Fejezetek az eur\u00f3pai k\u00f6z\u00f6ss\u00e9gfejleszt\u00e9s t\u00f6rt\u00e9net\u00e9b\u0151l - Parola Foly\u00f3irat\",\"isPartOf\":{\"@id\":\"https:\/\/kofe.hu\/parola\/#website\"},\"datePublished\":\"2019-04-30T07:04:33+00:00\",\"dateModified\":\"2019-05-01T08:12:16+00:00\",\"breadcrumb\":{\"@id\":\"https:\/\/kofe.hu\/parola\/korabbi-lapszamok\/megjelent-vercseg-ilona-fejezetek-az-europai-kozossegfejlesztes-tortenetebol\/#breadcrumb\"},\"inLanguage\":\"hu\",\"potentialAction\":[{\"@type\":\"ReadAction\",\"target\":[\"https:\/\/kofe.hu\/parola\/korabbi-lapszamok\/megjelent-vercseg-ilona-fejezetek-az-europai-kozossegfejlesztes-tortenetebol\/\"]}]},{\"@type\":\"BreadcrumbList\",\"@id\":\"https:\/\/kofe.hu\/parola\/korabbi-lapszamok\/megjelent-vercseg-ilona-fejezetek-az-europai-kozossegfejlesztes-tortenetebol\/#breadcrumb\",\"itemListElement\":[{\"@type\":\"ListItem\",\"position\":1,\"name\":\"Home\",\"item\":\"https:\/\/kofe.hu\/parola\/\"},{\"@type\":\"ListItem\",\"position\":2,\"name\":\"Kor\u00e1bbi lapsz\u00e1mok\",\"item\":\"https:\/\/kofe.hu\/parola\/korabbi-lapszamok\/\"},{\"@type\":\"ListItem\",\"position\":3,\"name\":\"MEGJELENT Vercseg Ilona: Fejezetek az eur\u00f3pai k\u00f6z\u00f6ss\u00e9gfejleszt\u00e9s t\u00f6rt\u00e9net\u00e9b\u0151l\"}]},{\"@type\":\"WebSite\",\"@id\":\"https:\/\/kofe.hu\/parola\/#website\",\"url\":\"https:\/\/kofe.hu\/parola\/\",\"name\":\"Parola Foly\u00f3irat\",\"description\":\"\",\"potentialAction\":[{\"@type\":\"SearchAction\",\"target\":{\"@type\":\"EntryPoint\",\"urlTemplate\":\"https:\/\/kofe.hu\/parola\/?s={search_term_string}\"},\"query-input\":{\"@type\":\"PropertyValueSpecification\",\"valueRequired\":true,\"valueName\":\"search_term_string\"}}],\"inLanguage\":\"hu\"}]}<\/script>\n<!-- \/ Yoast SEO plugin. -->","yoast_head_json":{"title":"MEGJELENT Vercseg Ilona: Fejezetek az eur\u00f3pai k\u00f6z\u00f6ss\u00e9gfejleszt\u00e9s t\u00f6rt\u00e9net\u00e9b\u0151l - Parola Foly\u00f3irat","robots":{"index":"index","follow":"follow","max-snippet":"max-snippet:-1","max-image-preview":"max-image-preview:large","max-video-preview":"max-video-preview:-1"},"canonical":"https:\/\/kofe.hu\/parola\/korabbi-lapszamok\/megjelent-vercseg-ilona-fejezetek-az-europai-kozossegfejlesztes-tortenetebol\/","og_locale":"hu_HU","og_type":"article","og_title":"MEGJELENT Vercseg Ilona: Fejezetek az eur\u00f3pai k\u00f6z\u00f6ss\u00e9gfejleszt\u00e9s t\u00f6rt\u00e9net\u00e9b\u0151l - Parola Foly\u00f3irat","og_description":"[vc_row full_width=&#8221;stretch_row&#8221; css=&#8221;.vc_custom_1556609750020{background-color: #f2f2f2 !important;}&#8221;][vc_column css=&#8221;.vc_custom_1556608435755{margin-top: 40px !important;margin-bottom: 40px !important;padding-top: 40px !important;background-color: #ffffff !important;}&#8221;][vc_text_separator title=&#8221;MEGJELENT&#8221; color=&#8221;orange&#8221; border_width=&#8221;3&#8243;][vc_column_text] Vercseg Ilona: Fejezetek az eur\u00f3pai k\u00f6z\u00f6ss\u00e9gfejleszt\u00e9s t\u00f6rt\u00e9net\u00e9b\u0151l [\/vc_column_text][vc_column_text]Parola f\u00fczet, megjelent 2018-ban a K\u00f6z\u00f6ss\u00e9gfejleszt\u0151k Egyes\u00fclete kiad\u00e1s\u00e1ban. &nbsp; El\u00f6lj\u00e1r\u00f3ban (r\u00e9szlet) &nbsp; Egy szakma t\u00f6rt\u00e9nete az adott t\u00e1rsadalom t\u00f6rt\u00e9nelm\u00e9be \u00e1gyaz\u00f3dik be, valamint vil\u00e1gt\u00f6rt\u00e9nelmi folyamatokba is. Ekk\u00e9nt a k\u00f6z\u00f6ss\u00e9gfejleszt\u00e9s t\u00f6rt\u00e9net\u00e9nek meg\u00edr\u00e1sa l\u00e9nyegileg [&hellip;]","og_url":"https:\/\/kofe.hu\/parola\/korabbi-lapszamok\/megjelent-vercseg-ilona-fejezetek-az-europai-kozossegfejlesztes-tortenetebol\/","og_site_name":"Parola Foly\u00f3irat","article_modified_time":"2019-05-01T08:12:16+00:00","twitter_card":"summary_large_image","twitter_misc":{"Becs\u00fclt olvas\u00e1si id\u0151":"6 perc","Written by":"Knyih\u00e1r \u00c9va"},"schema":{"@context":"https:\/\/schema.org","@graph":[{"@type":"WebPage","@id":"https:\/\/kofe.hu\/parola\/korabbi-lapszamok\/megjelent-vercseg-ilona-fejezetek-az-europai-kozossegfejlesztes-tortenetebol\/","url":"https:\/\/kofe.hu\/parola\/korabbi-lapszamok\/megjelent-vercseg-ilona-fejezetek-az-europai-kozossegfejlesztes-tortenetebol\/","name":"MEGJELENT Vercseg Ilona: Fejezetek az eur\u00f3pai k\u00f6z\u00f6ss\u00e9gfejleszt\u00e9s t\u00f6rt\u00e9net\u00e9b\u0151l - Parola Foly\u00f3irat","isPartOf":{"@id":"https:\/\/kofe.hu\/parola\/#website"},"datePublished":"2019-04-30T07:04:33+00:00","dateModified":"2019-05-01T08:12:16+00:00","breadcrumb":{"@id":"https:\/\/kofe.hu\/parola\/korabbi-lapszamok\/megjelent-vercseg-ilona-fejezetek-az-europai-kozossegfejlesztes-tortenetebol\/#breadcrumb"},"inLanguage":"hu","potentialAction":[{"@type":"ReadAction","target":["https:\/\/kofe.hu\/parola\/korabbi-lapszamok\/megjelent-vercseg-ilona-fejezetek-az-europai-kozossegfejlesztes-tortenetebol\/"]}]},{"@type":"BreadcrumbList","@id":"https:\/\/kofe.hu\/parola\/korabbi-lapszamok\/megjelent-vercseg-ilona-fejezetek-az-europai-kozossegfejlesztes-tortenetebol\/#breadcrumb","itemListElement":[{"@type":"ListItem","position":1,"name":"Home","item":"https:\/\/kofe.hu\/parola\/"},{"@type":"ListItem","position":2,"name":"Kor\u00e1bbi lapsz\u00e1mok","item":"https:\/\/kofe.hu\/parola\/korabbi-lapszamok\/"},{"@type":"ListItem","position":3,"name":"MEGJELENT Vercseg Ilona: Fejezetek az eur\u00f3pai k\u00f6z\u00f6ss\u00e9gfejleszt\u00e9s t\u00f6rt\u00e9net\u00e9b\u0151l"}]},{"@type":"WebSite","@id":"https:\/\/kofe.hu\/parola\/#website","url":"https:\/\/kofe.hu\/parola\/","name":"Parola Foly\u00f3irat","description":"","potentialAction":[{"@type":"SearchAction","target":{"@type":"EntryPoint","urlTemplate":"https:\/\/kofe.hu\/parola\/?s={search_term_string}"},"query-input":{"@type":"PropertyValueSpecification","valueRequired":true,"valueName":"search_term_string"}}],"inLanguage":"hu"}]}},"_links":{"self":[{"href":"https:\/\/kofe.hu\/parola\/wp-json\/wp\/v2\/pages\/140","targetHints":{"allow":["GET"]}}],"collection":[{"href":"https:\/\/kofe.hu\/parola\/wp-json\/wp\/v2\/pages"}],"about":[{"href":"https:\/\/kofe.hu\/parola\/wp-json\/wp\/v2\/types\/page"}],"author":[{"embeddable":true,"href":"https:\/\/kofe.hu\/parola\/wp-json\/wp\/v2\/users\/1"}],"replies":[{"embeddable":true,"href":"https:\/\/kofe.hu\/parola\/wp-json\/wp\/v2\/comments?post=140"}],"version-history":[{"count":3,"href":"https:\/\/kofe.hu\/parola\/wp-json\/wp\/v2\/pages\/140\/revisions"}],"predecessor-version":[{"id":188,"href":"https:\/\/kofe.hu\/parola\/wp-json\/wp\/v2\/pages\/140\/revisions\/188"}],"up":[{"embeddable":true,"href":"https:\/\/kofe.hu\/parola\/wp-json\/wp\/v2\/pages\/11"}],"wp:attachment":[{"href":"https:\/\/kofe.hu\/parola\/wp-json\/wp\/v2\/media?parent=140"}],"wp:term":[{"taxonomy":"author","embeddable":true,"href":"https:\/\/kofe.hu\/parola\/wp-json\/wp\/v2\/coauthors?post=140"}],"curies":[{"name":"wp","href":"https:\/\/api.w.org\/{rel}","templated":true}]}}